{"id":1074,"date":"2020-07-17T09:07:28","date_gmt":"2020-07-17T07:07:28","guid":{"rendered":"http:\/\/www.konabrewingco.ch\/?post_type=product&#038;p=1074"},"modified":"2020-07-21T12:07:52","modified_gmt":"2020-07-21T10:07:52","slug":"lila-grain","status":"publish","type":"product","link":"https:\/\/www.konabrewingco.ch\/de\/product\/purple-grain\/","title":{"rendered":"Purple Grain"},"content":{"rendered":"<div data-elementor-type=\"product-post\" data-elementor-id=\"1074\" class=\"elementor elementor-1074\" data-elementor-post-type=\"product\">\n\t\t\t\t\t\t<section class=\"elementor-section elementor-top-section elementor-element elementor-element-514fd64 elementor-section-boxed elementor-section-height-default elementor-section-height-default\" data-id=\"514fd64\" data-element_type=\"section\" data-e-type=\"section\">\n\t\t\t\t\t\t<div class=\"elementor-container elementor-column-gap-wide\">\n\t\t\t\t\t<div class=\"elementor-column elementor-col-100 elementor-top-column elementor-element elementor-element-871e386\" data-id=\"871e386\" data-element_type=\"column\" data-e-type=\"column\">\n\t\t\t<div class=\"elementor-widget-wrap elementor-element-populated\">\n\t\t\t\t\t\t<div class=\"elementor-element elementor-element-9f0b889 elementor-widget elementor-widget-heading\" data-id=\"9f0b889\" data-element_type=\"widget\" data-e-type=\"widget\" data-widget_type=\"heading.default\">\n\t\t\t\t<div class=\"elementor-widget-container\">\n\t\t\t\t\t<h3 class=\"elementor-heading-title elementor-size-default\">Erl\u00e4uterungen des Brauers<\/h3>\t\t\t\t<\/div>\n\t\t\t\t<\/div>\n\t\t\t\t<section class=\"elementor-section elementor-inner-section elementor-element elementor-element-64c6aef elementor-section-boxed elementor-section-height-default elementor-section-height-default\" data-id=\"64c6aef\" data-element_type=\"section\" data-e-type=\"section\">\n\t\t\t\t\t\t<div class=\"elementor-container elementor-column-gap-no\">\n\t\t\t\t\t<div class=\"elementor-column elementor-col-50 elementor-inner-column elementor-element elementor-element-8118f4f\" data-id=\"8118f4f\" data-element_type=\"column\" data-e-type=\"column\">\n\t\t\t<div class=\"elementor-widget-wrap elementor-element-populated\">\n\t\t\t\t\t\t<div class=\"elementor-element elementor-element-068d3bc elementor-widget elementor-widget-text-editor\" data-id=\"068d3bc\" data-element_type=\"widget\" data-e-type=\"widget\" data-widget_type=\"text-editor.default\">\n\t\t\t\t<div class=\"elementor-widget-container\">\n\t\t\t\t\t\t\t\t\t<p><strong>BITTERKEIT<\/strong><br \/>15<br \/><br \/><strong>ALKOHOL IN VOLUMENPROZENT<\/strong><br \/>6.1%<br \/><br \/><strong>BESONDERE ZUTATEN<\/strong><br \/>Paradiesk\u00f6rner &amp; franz\u00f6sischer Lavendel<\/p>\t\t\t\t\t\t\t\t<\/div>\n\t\t\t\t<\/div>\n\t\t\t\t\t<\/div>\n\t\t<\/div>\n\t\t\t\t<div class=\"elementor-column elementor-col-50 elementor-inner-column elementor-element elementor-element-78aca9f\" data-id=\"78aca9f\" data-element_type=\"column\" data-e-type=\"column\">\n\t\t\t<div class=\"elementor-widget-wrap\">\n\t\t\t\t\t\t\t<\/div>\n\t\t<\/div>\n\t\t\t\t\t<\/div>\n\t\t<\/section>\n\t\t\t\t\t<\/div>\n\t\t<\/div>\n\t\t\t\t\t<\/div>\n\t\t<\/section>\n\t\t\t\t<\/div>","protected":false},"excerpt":{"rendered":"<p>Dieses saisonale Bier ist dem K\u00fcnstler Prince gewidmet. Ein komplexes und sinnliches Bier.  Purple Grain ist ein einzigartiges Ale, das mit Paradiesk\u00f6rner und franz\u00f6sischem Lavendel gebraut wird. Es ist vollmundig mit einem Hauch von angenehmem Chai-Tee Geschmack.<\/p>","protected":false},"featured_media":1307,"template":"","meta":{"site-sidebar-layout":"no-sidebar","site-content-layout":"page-builder","ast-site-content-layout":"default","site-content-style":"default","site-sidebar-style":"default","ast-global-header-display":"","ast-banner-title-visibility":"","ast-main-header-display":"","ast-hfb-above-header-display":"","ast-hfb-below-header-display":"","ast-hfb-mobile-header-display":"","site-post-title":"disabled","ast-breadcrumbs-content":"","ast-featured-img":"disabled","footer-sml-layout":"","ast-disable-related-posts":"","theme-transparent-header-meta":"default","adv-header-id-meta":"","stick-header-meta":"","header-above-stick-meta":"","header-main-stick-meta":"","header-below-stick-meta":"","astra-migrate-meta-layouts":"default","ast-page-background-enabled":"default","ast-page-background-meta":{"desktop":{"background-color":"","background-image":"","background-repeat":"repeat","background-position":"center center","background-size":"auto","background-attachment":"scroll","background-type":"","background-media":"","overlay-type":"","overlay-color":"","overlay-opacity":"","overlay-gradient":""},"tablet":{"background-color":"","background-image":"","background-repeat":"repeat","background-position":"center center","background-size":"auto","background-attachment":"scroll","background-type":"","background-media":"","overlay-type":"","overlay-color":"","overlay-opacity":"","overlay-gradient":""},"mobile":{"background-color":"","background-image":"","background-repeat":"repeat","background-position":"center center","background-size":"auto","background-attachment":"scroll","background-type":"","background-media":"","overlay-type":"","overlay-color":"","overlay-opacity":"","overlay-gradient":""}},"ast-content-background-meta":{"desktop":{"background-color":"var(--ast-global-color-5)","background-image":"","background-repeat":"repeat","background-position":"center center","background-size":"auto","background-attachment":"scroll","background-type":"","background-media":"","overlay-type":"","overlay-color":"","overlay-opacity":"","overlay-gradient":""},"tablet":{"background-color":"var(--ast-global-color-5)","background-image":"","background-repeat":"repeat","background-position":"center center","background-size":"auto","background-attachment":"scroll","background-type":"","background-media":"","overlay-type":"","overlay-color":"","overlay-opacity":"","overlay-gradient":""},"mobile":{"background-color":"var(--ast-global-color-5)","background-image":"","background-repeat":"repeat","background-position":"center center","background-size":"auto","background-attachment":"scroll","background-type":"","background-media":"","overlay-type":"","overlay-color":"","overlay-opacity":"","overlay-gradient":""}}},"product_brand":[],"product_cat":[44,42,46],"product_tag":[],"class_list":{"0":"post-1074","1":"product","2":"type-product","3":"status-publish","4":"has-post-thumbnail","6":"product_cat-backyard-batch","7":"product_cat-hawaii-only","8":"product_cat-summer-fall","9":"desktop-align-left","10":"tablet-align-left","11":"mobile-align-left","13":"first","14":"instock","15":"shipping-taxable","16":"product-type-simple"},"yoast_head":"<!-- This site is optimized with the Yoast SEO plugin v27.4 - https:\/\/yoast.com\/product\/yoast-seo-wordpress\/ -->\n<title>Purple Grain - Kona Brewing Co. Switzerland<\/title>\n<meta name=\"robots\" content=\"index, follow, max-snippet:-1, max-image-preview:large, max-video-preview:-1\" \/>\n<link rel=\"canonical\" href=\"https:\/\/www.konabrewingco.ch\/de\/produkt\/lila-grain\/\" \/>\n<meta property=\"og:locale\" content=\"de_DE\" \/>\n<meta property=\"og:type\" content=\"article\" \/>\n<meta property=\"og:title\" content=\"Purple Grain - Kona Brewing Co. Switzerland\" \/>\n<meta property=\"og:description\" content=\"This seasonal beer is dedicated to the artist Prince, and only a complex and sensual brew could be considered worthy of the Purple One. Purple Grain is a unique ale brewed with Grains of Paradise and French Lavender. Full bodied with hints of a pleasant chai tea, this beer is a refreshing part of any day in Hawaii.\" \/>\n<meta property=\"og:url\" content=\"https:\/\/www.konabrewingco.ch\/de\/produkt\/lila-grain\/\" \/>\n<meta property=\"og:site_name\" content=\"Kona Brewing Co. Switzerland\" \/>\n<meta property=\"article:modified_time\" content=\"2020-07-21T10:07:52+00:00\" \/>\n<meta property=\"og:image\" content=\"https:\/\/www.konabrewingco.ch\/wp-content\/uploads\/2020\/07\/konabrewingcp_products_purple_grain.png\" \/>\n\t<meta property=\"og:image:width\" content=\"850\" \/>\n\t<meta property=\"og:image:height\" content=\"850\" \/>\n\t<meta property=\"og:image:type\" content=\"image\/png\" \/>\n<meta name=\"twitter:card\" content=\"summary_large_image\" \/>\n<script type=\"application\/ld+json\" class=\"yoast-schema-graph\">{\"@context\":\"https:\\\/\\\/schema.org\",\"@graph\":[{\"@type\":\"WebPage\",\"@id\":\"https:\\\/\\\/www.konabrewingco.ch\\\/de\\\/produkt\\\/lila-grain\\\/\",\"url\":\"https:\\\/\\\/www.konabrewingco.ch\\\/de\\\/produkt\\\/lila-grain\\\/\",\"name\":\"Purple Grain - Kona Brewing Co. Switzerland\",\"isPartOf\":{\"@id\":\"https:\\\/\\\/www.konabrewingco.ch\\\/#website\"},\"primaryImageOfPage\":{\"@id\":\"https:\\\/\\\/www.konabrewingco.ch\\\/de\\\/produkt\\\/lila-grain\\\/#primaryimage\"},\"image\":{\"@id\":\"https:\\\/\\\/www.konabrewingco.ch\\\/de\\\/produkt\\\/lila-grain\\\/#primaryimage\"},\"thumbnailUrl\":\"https:\\\/\\\/www.konabrewingco.ch\\\/wp-content\\\/uploads\\\/2020\\\/07\\\/konabrewingcp_products_purple_grain.png\",\"datePublished\":\"2020-07-17T07:07:28+00:00\",\"dateModified\":\"2020-07-21T10:07:52+00:00\",\"breadcrumb\":{\"@id\":\"https:\\\/\\\/www.konabrewingco.ch\\\/de\\\/produkt\\\/lila-grain\\\/#breadcrumb\"},\"inLanguage\":\"de-CH\",\"potentialAction\":[{\"@type\":\"ReadAction\",\"target\":[\"https:\\\/\\\/www.konabrewingco.ch\\\/de\\\/produkt\\\/lila-grain\\\/\"]}]},{\"@type\":\"ImageObject\",\"inLanguage\":\"de-CH\",\"@id\":\"https:\\\/\\\/www.konabrewingco.ch\\\/de\\\/produkt\\\/lila-grain\\\/#primaryimage\",\"url\":\"https:\\\/\\\/www.konabrewingco.ch\\\/wp-content\\\/uploads\\\/2020\\\/07\\\/konabrewingcp_products_purple_grain.png\",\"contentUrl\":\"https:\\\/\\\/www.konabrewingco.ch\\\/wp-content\\\/uploads\\\/2020\\\/07\\\/konabrewingcp_products_purple_grain.png\",\"width\":850,\"height\":850},{\"@type\":\"BreadcrumbList\",\"@id\":\"https:\\\/\\\/www.konabrewingco.ch\\\/de\\\/produkt\\\/lila-grain\\\/#breadcrumb\",\"itemListElement\":[{\"@type\":\"ListItem\",\"position\":1,\"name\":\"Home\",\"item\":\"https:\\\/\\\/www.konabrewingco.ch\\\/\"},{\"@type\":\"ListItem\",\"position\":2,\"name\":\"Our beers\",\"item\":\"https:\\\/\\\/www.konabrewingco.ch\\\/our-beers\\\/\"},{\"@type\":\"ListItem\",\"position\":3,\"name\":\"Purple Grain\"}]},{\"@type\":\"WebSite\",\"@id\":\"https:\\\/\\\/www.konabrewingco.ch\\\/#website\",\"url\":\"https:\\\/\\\/www.konabrewingco.ch\\\/\",\"name\":\"Kona Brewing Co. Switzerland\",\"description\":\"Liquid Aloha\",\"publisher\":{\"@id\":\"https:\\\/\\\/www.konabrewingco.ch\\\/#organization\"},\"potentialAction\":[{\"@type\":\"SearchAction\",\"target\":{\"@type\":\"EntryPoint\",\"urlTemplate\":\"https:\\\/\\\/www.konabrewingco.ch\\\/?s={search_term_string}\"},\"query-input\":{\"@type\":\"PropertyValueSpecification\",\"valueRequired\":true,\"valueName\":\"search_term_string\"}}],\"inLanguage\":\"de-CH\"},{\"@type\":\"Organization\",\"@id\":\"https:\\\/\\\/www.konabrewingco.ch\\\/#organization\",\"name\":\"Kona Brewing Co. Switzerland\",\"url\":\"https:\\\/\\\/www.konabrewingco.ch\\\/\",\"logo\":{\"@type\":\"ImageObject\",\"inLanguage\":\"de-CH\",\"@id\":\"https:\\\/\\\/www.konabrewingco.ch\\\/#\\\/schema\\\/logo\\\/image\\\/\",\"url\":\"https:\\\/\\\/www.konabrewingco.ch\\\/wp-content\\\/uploads\\\/2020\\\/06\\\/kona_logo.svg\",\"contentUrl\":\"https:\\\/\\\/www.konabrewingco.ch\\\/wp-content\\\/uploads\\\/2020\\\/06\\\/kona_logo.svg\",\"width\":1,\"height\":1,\"caption\":\"Kona Brewing Co. Switzerland\"},\"image\":{\"@id\":\"https:\\\/\\\/www.konabrewingco.ch\\\/#\\\/schema\\\/logo\\\/image\\\/\"}}]}<\/script>\n<!-- \/ Yoast SEO plugin. -->","yoast_head_json":{"title":"Lila Getreide - Kona Brewing Co. Schweiz","robots":{"index":"index","follow":"follow","max-snippet":"max-snippet:-1","max-image-preview":"max-image-preview:large","max-video-preview":"max-video-preview:-1"},"canonical":"https:\/\/www.konabrewingco.ch\/de\/produkt\/lila-grain\/","og_locale":"de_DE","og_type":"article","og_title":"Purple Grain - Kona Brewing Co. Switzerland","og_description":"This seasonal beer is dedicated to the artist Prince, and only a complex and sensual brew could be considered worthy of the Purple One. Purple Grain is a unique ale brewed with Grains of Paradise and French Lavender. Full bodied with hints of a pleasant chai tea, this beer is a refreshing part of any day in Hawaii.","og_url":"https:\/\/www.konabrewingco.ch\/de\/produkt\/lila-grain\/","og_site_name":"Kona Brewing Co. Switzerland","article_modified_time":"2020-07-21T10:07:52+00:00","og_image":[{"width":850,"height":850,"url":"https:\/\/www.konabrewingco.ch\/wp-content\/uploads\/2020\/07\/konabrewingcp_products_purple_grain.png","type":"image\/png"}],"twitter_card":"summary_large_image","schema":{"@context":"https:\/\/schema.org","@graph":[{"@type":"WebPage","@id":"https:\/\/www.konabrewingco.ch\/de\/produkt\/lila-grain\/","url":"https:\/\/www.konabrewingco.ch\/de\/produkt\/lila-grain\/","name":"Lila Getreide - Kona Brewing Co. Schweiz","isPartOf":{"@id":"https:\/\/www.konabrewingco.ch\/#website"},"primaryImageOfPage":{"@id":"https:\/\/www.konabrewingco.ch\/de\/produkt\/lila-grain\/#primaryimage"},"image":{"@id":"https:\/\/www.konabrewingco.ch\/de\/produkt\/lila-grain\/#primaryimage"},"thumbnailUrl":"https:\/\/www.konabrewingco.ch\/wp-content\/uploads\/2020\/07\/konabrewingcp_products_purple_grain.png","datePublished":"2020-07-17T07:07:28+00:00","dateModified":"2020-07-21T10:07:52+00:00","breadcrumb":{"@id":"https:\/\/www.konabrewingco.ch\/de\/produkt\/lila-grain\/#breadcrumb"},"inLanguage":"de-CH","potentialAction":[{"@type":"ReadAction","target":["https:\/\/www.konabrewingco.ch\/de\/produkt\/lila-grain\/"]}]},{"@type":"ImageObject","inLanguage":"de-CH","@id":"https:\/\/www.konabrewingco.ch\/de\/produkt\/lila-grain\/#primaryimage","url":"https:\/\/www.konabrewingco.ch\/wp-content\/uploads\/2020\/07\/konabrewingcp_products_purple_grain.png","contentUrl":"https:\/\/www.konabrewingco.ch\/wp-content\/uploads\/2020\/07\/konabrewingcp_products_purple_grain.png","width":850,"height":850},{"@type":"BreadcrumbList","@id":"https:\/\/www.konabrewingco.ch\/de\/produkt\/lila-grain\/#breadcrumb","itemListElement":[{"@type":"ListItem","position":1,"name":"Home","item":"https:\/\/www.konabrewingco.ch\/"},{"@type":"ListItem","position":2,"name":"Our beers","item":"https:\/\/www.konabrewingco.ch\/our-beers\/"},{"@type":"ListItem","position":3,"name":"Purple Grain"}]},{"@type":"WebSite","@id":"https:\/\/www.konabrewingco.ch\/#website","url":"https:\/\/www.konabrewingco.ch\/","name":"Kona Brewing Co. Schweiz","description":"Fl\u00fcssiges Aloha","publisher":{"@id":"https:\/\/www.konabrewingco.ch\/#organization"},"potentialAction":[{"@type":"SearchAction","target":{"@type":"EntryPoint","urlTemplate":"https:\/\/www.konabrewingco.ch\/?s={search_term_string}"},"query-input":{"@type":"PropertyValueSpecification","valueRequired":true,"valueName":"search_term_string"}}],"inLanguage":"de-CH"},{"@type":"Organization","@id":"https:\/\/www.konabrewingco.ch\/#organization","name":"Kona Brewing Co. Schweiz","url":"https:\/\/www.konabrewingco.ch\/","logo":{"@type":"ImageObject","inLanguage":"de-CH","@id":"https:\/\/www.konabrewingco.ch\/#\/schema\/logo\/image\/","url":"https:\/\/www.konabrewingco.ch\/wp-content\/uploads\/2020\/06\/kona_logo.svg","contentUrl":"https:\/\/www.konabrewingco.ch\/wp-content\/uploads\/2020\/06\/kona_logo.svg","width":1,"height":1,"caption":"Kona Brewing Co. Switzerland"},"image":{"@id":"https:\/\/www.konabrewingco.ch\/#\/schema\/logo\/image\/"}}]}},"_links":{"self":[{"href":"https:\/\/www.konabrewingco.ch\/de\/wp-json\/wp\/v2\/product\/1074","targetHints":{"allow":["GET"]}}],"collection":[{"href":"https:\/\/www.konabrewingco.ch\/de\/wp-json\/wp\/v2\/product"}],"about":[{"href":"https:\/\/www.konabrewingco.ch\/de\/wp-json\/wp\/v2\/types\/product"}],"version-history":[{"count":0,"href":"https:\/\/www.konabrewingco.ch\/de\/wp-json\/wp\/v2\/product\/1074\/revisions"}],"wp:featuredmedia":[{"embeddable":true,"href":"https:\/\/www.konabrewingco.ch\/de\/wp-json\/wp\/v2\/media\/1307"}],"wp:attachment":[{"href":"https:\/\/www.konabrewingco.ch\/de\/wp-json\/wp\/v2\/media?parent=1074"}],"wp:term":[{"taxonomy":"product_brand","embeddable":true,"href":"https:\/\/www.konabrewingco.ch\/de\/wp-json\/wp\/v2\/product_brand?post=1074"},{"taxonomy":"product_cat","embeddable":true,"href":"https:\/\/www.konabrewingco.ch\/de\/wp-json\/wp\/v2\/product_cat?post=1074"},{"taxonomy":"product_tag","embeddable":true,"href":"https:\/\/www.konabrewingco.ch\/de\/wp-json\/wp\/v2\/product_tag?post=1074"}],"curies":[{"name":"wp","href":"https:\/\/api.w.org\/{rel}","templated":true}]}}