{"id":1094,"date":"2020-07-17T09:24:24","date_gmt":"2020-07-17T07:24:24","guid":{"rendered":"http:\/\/www.konabrewingco.ch\/?post_type=product&#038;p=1094"},"modified":"2020-07-21T12:13:03","modified_gmt":"2020-07-21T10:13:03","slug":"kua-bay-ipa","status":"publish","type":"product","link":"https:\/\/www.konabrewingco.ch\/de\/product\/kua-bay-ipa\/","title":{"rendered":"Kua Bay IPA"},"content":{"rendered":"<div data-elementor-type=\"product-post\" data-elementor-id=\"1094\" class=\"elementor elementor-1094\" data-elementor-post-type=\"product\">\n\t\t\t\t\t\t<section class=\"elementor-section elementor-top-section elementor-element elementor-element-540a423 elementor-section-boxed elementor-section-height-default elementor-section-height-default\" data-id=\"540a423\" data-element_type=\"section\" data-e-type=\"section\">\n\t\t\t\t\t\t<div class=\"elementor-container elementor-column-gap-no\">\n\t\t\t\t\t<div class=\"elementor-column elementor-col-100 elementor-top-column elementor-element elementor-element-75b2383\" data-id=\"75b2383\" data-element_type=\"column\" data-e-type=\"column\">\n\t\t\t<div class=\"elementor-widget-wrap elementor-element-populated\">\n\t\t\t\t\t\t<div class=\"elementor-element elementor-element-df3d6a3 elementor-widget elementor-widget-heading\" data-id=\"df3d6a3\" data-element_type=\"widget\" data-e-type=\"widget\" data-widget_type=\"heading.default\">\n\t\t\t\t<div class=\"elementor-widget-container\">\n\t\t\t\t\t<h3 class=\"elementor-heading-title elementor-size-default\">Erl\u00e4uterungen des Brauers<\/h3>\t\t\t\t<\/div>\n\t\t\t\t<\/div>\n\t\t\t\t\t<\/div>\n\t\t<\/div>\n\t\t\t\t\t<\/div>\n\t\t<\/section>\n\t\t\t\t<section class=\"elementor-section elementor-top-section elementor-element elementor-element-129fe2f elementor-section-boxed elementor-section-height-default elementor-section-height-default\" data-id=\"129fe2f\" data-element_type=\"section\" data-e-type=\"section\">\n\t\t\t\t\t\t<div class=\"elementor-container elementor-column-gap-no\">\n\t\t\t\t\t<div class=\"elementor-column elementor-col-100 elementor-top-column elementor-element elementor-element-57269b3\" data-id=\"57269b3\" data-element_type=\"column\" data-e-type=\"column\">\n\t\t\t<div class=\"elementor-widget-wrap elementor-element-populated\">\n\t\t\t\t\t\t<section class=\"elementor-section elementor-inner-section elementor-element elementor-element-0b1946f elementor-section-boxed elementor-section-height-default elementor-section-height-default\" data-id=\"0b1946f\" data-element_type=\"section\" data-e-type=\"section\">\n\t\t\t\t\t\t<div class=\"elementor-container elementor-column-gap-no\">\n\t\t\t\t\t<div class=\"elementor-column elementor-col-50 elementor-inner-column elementor-element elementor-element-6498289\" data-id=\"6498289\" data-element_type=\"column\" data-e-type=\"column\">\n\t\t\t<div class=\"elementor-widget-wrap elementor-element-populated\">\n\t\t\t\t\t\t<div class=\"elementor-element elementor-element-3d422ea elementor-widget elementor-widget-text-editor\" data-id=\"3d422ea\" data-element_type=\"widget\" data-e-type=\"widget\" data-widget_type=\"text-editor.default\">\n\t\t\t\t<div class=\"elementor-widget-container\">\n\t\t\t\t\t\t\t\t\t<p><strong>BITTERKEIT<\/strong><br \/>60 IBU<\/p><p><strong>ALKOHOL IN VOLUMENPROZENT<\/strong><br \/>7.3%<\/p><p><strong>STAMMW\u00dcRZGEHALT<\/strong><br \/>15.5 \u00b0 P.<\/p><p><strong>MALZ<\/strong><br \/>Helles 2-reihiges Premium, Aromatic, Karamell<\/p><p><strong>HOPFEN<\/strong><br \/>Centennial, Cascade, Millennium<\/p>\t\t\t\t\t\t\t\t<\/div>\n\t\t\t\t<\/div>\n\t\t\t\t\t<\/div>\n\t\t<\/div>\n\t\t\t\t<div class=\"elementor-column elementor-col-50 elementor-inner-column elementor-element elementor-element-db55710\" data-id=\"db55710\" data-element_type=\"column\" data-e-type=\"column\">\n\t\t\t<div class=\"elementor-widget-wrap elementor-element-populated\">\n\t\t\t\t\t\t<div class=\"elementor-element elementor-element-65ba890 elementor-widget elementor-widget-text-editor\" data-id=\"65ba890\" data-element_type=\"widget\" data-e-type=\"widget\" data-widget_type=\"text-editor.default\">\n\t\t\t\t<div class=\"elementor-widget-container\">\n\t\t\t\t\t\t\t\t\t<p><strong>ZU WELCHEM ESSEN PASST MEIN BIER<\/strong><br \/>Das hopfenreiche Geschmacksprofil dieses IPA erlaubt es vielen Geschmacksrichtungen standzuhalten - vom geschw\u00e4rzten Ahi-Thunfisch bis zu w\u00fcrzigen H\u00fchnerfl\u00fcgeln.<\/p><p><strong>N\u00c4HRWERTANGABEN<\/strong><br \/>% Vol. 7.30 | Kalorien 202 | Kohlenhydrate (Gramm) 11.8 | Protein (Gramm) 2.93 | Fett (Gramm) 0 | Natrium (mg) 6.6<\/p>\t\t\t\t\t\t\t\t<\/div>\n\t\t\t\t<\/div>\n\t\t\t\t\t<\/div>\n\t\t<\/div>\n\t\t\t\t\t<\/div>\n\t\t<\/section>\n\t\t\t\t\t<\/div>\n\t\t<\/div>\n\t\t\t\t\t<\/div>\n\t\t<\/section>\n\t\t\t\t<\/div>","protected":false},"excerpt":{"rendered":"<p>Kua Bay IPA ist ein helles, kr\u00e4ftiges, kupferfarbenes IndiaPale Ale. Piney Hopfen, Gew\u00fcrze und eine subtiler Karamellmalz machen es zu einem k\u00f6stlichen, vollmundigen, aromatischen Bier.<\/p>","protected":false},"featured_media":1313,"template":"","meta":{"site-sidebar-layout":"no-sidebar","site-content-layout":"page-builder","ast-site-content-layout":"default","site-content-style":"default","site-sidebar-style":"default","ast-global-header-display":"","ast-banner-title-visibility":"","ast-main-header-display":"","ast-hfb-above-header-display":"","ast-hfb-below-header-display":"","ast-hfb-mobile-header-display":"","site-post-title":"disabled","ast-breadcrumbs-content":"","ast-featured-img":"disabled","footer-sml-layout":"","ast-disable-related-posts":"","theme-transparent-header-meta":"default","adv-header-id-meta":"","stick-header-meta":"","header-above-stick-meta":"","header-main-stick-meta":"","header-below-stick-meta":"","astra-migrate-meta-layouts":"default","ast-page-background-enabled":"default","ast-page-background-meta":{"desktop":{"background-color":"","background-image":"","background-repeat":"repeat","background-position":"center center","background-size":"auto","background-attachment":"scroll","background-type":"","background-media":"","overlay-type":"","overlay-color":"","overlay-opacity":"","overlay-gradient":""},"tablet":{"background-color":"","background-image":"","background-repeat":"repeat","background-position":"center center","background-size":"auto","background-attachment":"scroll","background-type":"","background-media":"","overlay-type":"","overlay-color":"","overlay-opacity":"","overlay-gradient":""},"mobile":{"background-color":"","background-image":"","background-repeat":"repeat","background-position":"center center","background-size":"auto","background-attachment":"scroll","background-type":"","background-media":"","overlay-type":"","overlay-color":"","overlay-opacity":"","overlay-gradient":""}},"ast-content-background-meta":{"desktop":{"background-color":"var(--ast-global-color-5)","background-image":"","background-repeat":"repeat","background-position":"center center","background-size":"auto","background-attachment":"scroll","background-type":"","background-media":"","overlay-type":"","overlay-color":"","overlay-opacity":"","overlay-gradient":""},"tablet":{"background-color":"var(--ast-global-color-5)","background-image":"","background-repeat":"repeat","background-position":"center center","background-size":"auto","background-attachment":"scroll","background-type":"","background-media":"","overlay-type":"","overlay-color":"","overlay-opacity":"","overlay-gradient":""},"mobile":{"background-color":"var(--ast-global-color-5)","background-image":"","background-repeat":"repeat","background-position":"center center","background-size":"auto","background-attachment":"scroll","background-type":"","background-media":"","overlay-type":"","overlay-color":"","overlay-opacity":"","overlay-gradient":""}}},"product_brand":[],"product_cat":[37,47,42],"product_tag":[],"class_list":{"0":"post-1094","1":"product","2":"type-product","3":"status-publish","4":"has-post-thumbnail","6":"product_cat-available-year-round","7":"product_cat-draft-only","8":"product_cat-hawaii-only","9":"desktop-align-left","10":"tablet-align-left","11":"mobile-align-left","13":"first","14":"instock","15":"shipping-taxable","16":"product-type-simple"},"yoast_head":"<!-- This site is optimized with the Yoast SEO plugin v27.4 - https:\/\/yoast.com\/product\/yoast-seo-wordpress\/ -->\n<title>Kua Bay IPA - Kona Brewing Co. Switzerland<\/title>\n<meta name=\"robots\" content=\"index, follow, max-snippet:-1, max-image-preview:large, max-video-preview:-1\" \/>\n<link rel=\"canonical\" href=\"https:\/\/www.konabrewingco.ch\/de\/produkt\/kua-bay-ipa\/\" \/>\n<meta property=\"og:locale\" content=\"de_DE\" \/>\n<meta property=\"og:type\" content=\"article\" \/>\n<meta property=\"og:title\" content=\"Kua Bay IPA - Kona Brewing Co. Switzerland\" \/>\n<meta property=\"og:description\" content=\"Kua Bay IPA is a bright, bold, copper-colored India Pale Ale. Piney hops, spices, and a subtle caramel maltiness make it a delicious beer that\u2019s both full-bodied and flavorful.\" \/>\n<meta property=\"og:url\" content=\"https:\/\/www.konabrewingco.ch\/de\/produkt\/kua-bay-ipa\/\" \/>\n<meta property=\"og:site_name\" content=\"Kona Brewing Co. Switzerland\" \/>\n<meta property=\"article:modified_time\" content=\"2020-07-21T10:13:03+00:00\" \/>\n<meta property=\"og:image\" content=\"https:\/\/www.konabrewingco.ch\/wp-content\/uploads\/2020\/07\/konabrewingco_products_kua_bay_ipa.png\" \/>\n\t<meta property=\"og:image:width\" content=\"850\" \/>\n\t<meta property=\"og:image:height\" content=\"850\" \/>\n\t<meta property=\"og:image:type\" content=\"image\/png\" \/>\n<meta name=\"twitter:card\" content=\"summary_large_image\" \/>\n<script type=\"application\/ld+json\" class=\"yoast-schema-graph\">{\"@context\":\"https:\\\/\\\/schema.org\",\"@graph\":[{\"@type\":\"WebPage\",\"@id\":\"https:\\\/\\\/www.konabrewingco.ch\\\/de\\\/produkt\\\/kua-bay-ipa\\\/\",\"url\":\"https:\\\/\\\/www.konabrewingco.ch\\\/de\\\/produkt\\\/kua-bay-ipa\\\/\",\"name\":\"Kua Bay IPA - Kona Brewing Co. Switzerland\",\"isPartOf\":{\"@id\":\"https:\\\/\\\/www.konabrewingco.ch\\\/#website\"},\"primaryImageOfPage\":{\"@id\":\"https:\\\/\\\/www.konabrewingco.ch\\\/de\\\/produkt\\\/kua-bay-ipa\\\/#primaryimage\"},\"image\":{\"@id\":\"https:\\\/\\\/www.konabrewingco.ch\\\/de\\\/produkt\\\/kua-bay-ipa\\\/#primaryimage\"},\"thumbnailUrl\":\"https:\\\/\\\/www.konabrewingco.ch\\\/wp-content\\\/uploads\\\/2020\\\/07\\\/konabrewingco_products_kua_bay_ipa.png\",\"datePublished\":\"2020-07-17T07:24:24+00:00\",\"dateModified\":\"2020-07-21T10:13:03+00:00\",\"breadcrumb\":{\"@id\":\"https:\\\/\\\/www.konabrewingco.ch\\\/de\\\/produkt\\\/kua-bay-ipa\\\/#breadcrumb\"},\"inLanguage\":\"de-CH\",\"potentialAction\":[{\"@type\":\"ReadAction\",\"target\":[\"https:\\\/\\\/www.konabrewingco.ch\\\/de\\\/produkt\\\/kua-bay-ipa\\\/\"]}]},{\"@type\":\"ImageObject\",\"inLanguage\":\"de-CH\",\"@id\":\"https:\\\/\\\/www.konabrewingco.ch\\\/de\\\/produkt\\\/kua-bay-ipa\\\/#primaryimage\",\"url\":\"https:\\\/\\\/www.konabrewingco.ch\\\/wp-content\\\/uploads\\\/2020\\\/07\\\/konabrewingco_products_kua_bay_ipa.png\",\"contentUrl\":\"https:\\\/\\\/www.konabrewingco.ch\\\/wp-content\\\/uploads\\\/2020\\\/07\\\/konabrewingco_products_kua_bay_ipa.png\",\"width\":850,\"height\":850},{\"@type\":\"BreadcrumbList\",\"@id\":\"https:\\\/\\\/www.konabrewingco.ch\\\/de\\\/produkt\\\/kua-bay-ipa\\\/#breadcrumb\",\"itemListElement\":[{\"@type\":\"ListItem\",\"position\":1,\"name\":\"Home\",\"item\":\"https:\\\/\\\/www.konabrewingco.ch\\\/\"},{\"@type\":\"ListItem\",\"position\":2,\"name\":\"Our beers\",\"item\":\"https:\\\/\\\/www.konabrewingco.ch\\\/our-beers\\\/\"},{\"@type\":\"ListItem\",\"position\":3,\"name\":\"Kua Bay IPA\"}]},{\"@type\":\"WebSite\",\"@id\":\"https:\\\/\\\/www.konabrewingco.ch\\\/#website\",\"url\":\"https:\\\/\\\/www.konabrewingco.ch\\\/\",\"name\":\"Kona Brewing Co. Switzerland\",\"description\":\"Liquid Aloha\",\"publisher\":{\"@id\":\"https:\\\/\\\/www.konabrewingco.ch\\\/#organization\"},\"potentialAction\":[{\"@type\":\"SearchAction\",\"target\":{\"@type\":\"EntryPoint\",\"urlTemplate\":\"https:\\\/\\\/www.konabrewingco.ch\\\/?s={search_term_string}\"},\"query-input\":{\"@type\":\"PropertyValueSpecification\",\"valueRequired\":true,\"valueName\":\"search_term_string\"}}],\"inLanguage\":\"de-CH\"},{\"@type\":\"Organization\",\"@id\":\"https:\\\/\\\/www.konabrewingco.ch\\\/#organization\",\"name\":\"Kona Brewing Co. Switzerland\",\"url\":\"https:\\\/\\\/www.konabrewingco.ch\\\/\",\"logo\":{\"@type\":\"ImageObject\",\"inLanguage\":\"de-CH\",\"@id\":\"https:\\\/\\\/www.konabrewingco.ch\\\/#\\\/schema\\\/logo\\\/image\\\/\",\"url\":\"https:\\\/\\\/www.konabrewingco.ch\\\/wp-content\\\/uploads\\\/2020\\\/06\\\/kona_logo.svg\",\"contentUrl\":\"https:\\\/\\\/www.konabrewingco.ch\\\/wp-content\\\/uploads\\\/2020\\\/06\\\/kona_logo.svg\",\"width\":1,\"height\":1,\"caption\":\"Kona Brewing Co. Switzerland\"},\"image\":{\"@id\":\"https:\\\/\\\/www.konabrewingco.ch\\\/#\\\/schema\\\/logo\\\/image\\\/\"}}]}<\/script>\n<!-- \/ Yoast SEO plugin. -->","yoast_head_json":{"title":"Kua Bay IPA - Kona Brewing Co. Schweiz","robots":{"index":"index","follow":"follow","max-snippet":"max-snippet:-1","max-image-preview":"max-image-preview:large","max-video-preview":"max-video-preview:-1"},"canonical":"https:\/\/www.konabrewingco.ch\/de\/produkt\/kua-bay-ipa\/","og_locale":"de_DE","og_type":"article","og_title":"Kua Bay IPA - Kona Brewing Co. Switzerland","og_description":"Kua Bay IPA is a bright, bold, copper-colored India Pale Ale. Piney hops, spices, and a subtle caramel maltiness make it a delicious beer that\u2019s both full-bodied and flavorful.","og_url":"https:\/\/www.konabrewingco.ch\/de\/produkt\/kua-bay-ipa\/","og_site_name":"Kona Brewing Co. Switzerland","article_modified_time":"2020-07-21T10:13:03+00:00","og_image":[{"width":850,"height":850,"url":"https:\/\/www.konabrewingco.ch\/wp-content\/uploads\/2020\/07\/konabrewingco_products_kua_bay_ipa.png","type":"image\/png"}],"twitter_card":"summary_large_image","schema":{"@context":"https:\/\/schema.org","@graph":[{"@type":"WebPage","@id":"https:\/\/www.konabrewingco.ch\/de\/produkt\/kua-bay-ipa\/","url":"https:\/\/www.konabrewingco.ch\/de\/produkt\/kua-bay-ipa\/","name":"Kua Bay IPA - Kona Brewing Co. Schweiz","isPartOf":{"@id":"https:\/\/www.konabrewingco.ch\/#website"},"primaryImageOfPage":{"@id":"https:\/\/www.konabrewingco.ch\/de\/produkt\/kua-bay-ipa\/#primaryimage"},"image":{"@id":"https:\/\/www.konabrewingco.ch\/de\/produkt\/kua-bay-ipa\/#primaryimage"},"thumbnailUrl":"https:\/\/www.konabrewingco.ch\/wp-content\/uploads\/2020\/07\/konabrewingco_products_kua_bay_ipa.png","datePublished":"2020-07-17T07:24:24+00:00","dateModified":"2020-07-21T10:13:03+00:00","breadcrumb":{"@id":"https:\/\/www.konabrewingco.ch\/de\/produkt\/kua-bay-ipa\/#breadcrumb"},"inLanguage":"de-CH","potentialAction":[{"@type":"ReadAction","target":["https:\/\/www.konabrewingco.ch\/de\/produkt\/kua-bay-ipa\/"]}]},{"@type":"ImageObject","inLanguage":"de-CH","@id":"https:\/\/www.konabrewingco.ch\/de\/produkt\/kua-bay-ipa\/#primaryimage","url":"https:\/\/www.konabrewingco.ch\/wp-content\/uploads\/2020\/07\/konabrewingco_products_kua_bay_ipa.png","contentUrl":"https:\/\/www.konabrewingco.ch\/wp-content\/uploads\/2020\/07\/konabrewingco_products_kua_bay_ipa.png","width":850,"height":850},{"@type":"BreadcrumbList","@id":"https:\/\/www.konabrewingco.ch\/de\/produkt\/kua-bay-ipa\/#breadcrumb","itemListElement":[{"@type":"ListItem","position":1,"name":"Home","item":"https:\/\/www.konabrewingco.ch\/"},{"@type":"ListItem","position":2,"name":"Our beers","item":"https:\/\/www.konabrewingco.ch\/our-beers\/"},{"@type":"ListItem","position":3,"name":"Kua Bay IPA"}]},{"@type":"WebSite","@id":"https:\/\/www.konabrewingco.ch\/#website","url":"https:\/\/www.konabrewingco.ch\/","name":"Kona Brewing Co. Schweiz","description":"Fl\u00fcssiges Aloha","publisher":{"@id":"https:\/\/www.konabrewingco.ch\/#organization"},"potentialAction":[{"@type":"SearchAction","target":{"@type":"EntryPoint","urlTemplate":"https:\/\/www.konabrewingco.ch\/?s={search_term_string}"},"query-input":{"@type":"PropertyValueSpecification","valueRequired":true,"valueName":"search_term_string"}}],"inLanguage":"de-CH"},{"@type":"Organization","@id":"https:\/\/www.konabrewingco.ch\/#organization","name":"Kona Brewing Co. Schweiz","url":"https:\/\/www.konabrewingco.ch\/","logo":{"@type":"ImageObject","inLanguage":"de-CH","@id":"https:\/\/www.konabrewingco.ch\/#\/schema\/logo\/image\/","url":"https:\/\/www.konabrewingco.ch\/wp-content\/uploads\/2020\/06\/kona_logo.svg","contentUrl":"https:\/\/www.konabrewingco.ch\/wp-content\/uploads\/2020\/06\/kona_logo.svg","width":1,"height":1,"caption":"Kona Brewing Co. Switzerland"},"image":{"@id":"https:\/\/www.konabrewingco.ch\/#\/schema\/logo\/image\/"}}]}},"_links":{"self":[{"href":"https:\/\/www.konabrewingco.ch\/de\/wp-json\/wp\/v2\/product\/1094","targetHints":{"allow":["GET"]}}],"collection":[{"href":"https:\/\/www.konabrewingco.ch\/de\/wp-json\/wp\/v2\/product"}],"about":[{"href":"https:\/\/www.konabrewingco.ch\/de\/wp-json\/wp\/v2\/types\/product"}],"version-history":[{"count":0,"href":"https:\/\/www.konabrewingco.ch\/de\/wp-json\/wp\/v2\/product\/1094\/revisions"}],"wp:featuredmedia":[{"embeddable":true,"href":"https:\/\/www.konabrewingco.ch\/de\/wp-json\/wp\/v2\/media\/1313"}],"wp:attachment":[{"href":"https:\/\/www.konabrewingco.ch\/de\/wp-json\/wp\/v2\/media?parent=1094"}],"wp:term":[{"taxonomy":"product_brand","embeddable":true,"href":"https:\/\/www.konabrewingco.ch\/de\/wp-json\/wp\/v2\/product_brand?post=1094"},{"taxonomy":"product_cat","embeddable":true,"href":"https:\/\/www.konabrewingco.ch\/de\/wp-json\/wp\/v2\/product_cat?post=1094"},{"taxonomy":"product_tag","embeddable":true,"href":"https:\/\/www.konabrewingco.ch\/de\/wp-json\/wp\/v2\/product_tag?post=1094"}],"curies":[{"name":"wp","href":"https:\/\/api.w.org\/{rel}","templated":true}]}}