{"id":1292,"date":"2020-07-21T11:37:48","date_gmt":"2020-07-21T09:37:48","guid":{"rendered":"http:\/\/www.konabrewingco.ch\/?post_type=product&#038;p=1292"},"modified":"2020-07-21T11:48:41","modified_gmt":"2020-07-21T09:48:41","slug":"wailua-wheat","status":"publish","type":"product","link":"https:\/\/www.konabrewingco.ch\/de\/product\/wailua-wheat\/","title":{"rendered":"Wailua Wheat"},"content":{"rendered":"<div data-elementor-type=\"product-post\" data-elementor-id=\"1292\" class=\"elementor elementor-1292\" data-elementor-post-type=\"product\">\n\t\t\t\t\t\t<section class=\"elementor-section elementor-top-section elementor-element elementor-element-837862d elementor-section-boxed elementor-section-height-default elementor-section-height-default\" data-id=\"837862d\" data-element_type=\"section\" data-e-type=\"section\">\n\t\t\t\t\t\t<div class=\"elementor-container elementor-column-gap-no\">\n\t\t\t\t\t<div class=\"elementor-column elementor-col-100 elementor-top-column elementor-element elementor-element-9d5272f\" data-id=\"9d5272f\" data-element_type=\"column\" data-e-type=\"column\">\n\t\t\t<div class=\"elementor-widget-wrap elementor-element-populated\">\n\t\t\t\t\t\t<div class=\"elementor-element elementor-element-00171a3 elementor-widget elementor-widget-heading\" data-id=\"00171a3\" data-element_type=\"widget\" data-e-type=\"widget\" data-widget_type=\"heading.default\">\n\t\t\t\t<div class=\"elementor-widget-container\">\n\t\t\t\t\t<h3 class=\"elementor-heading-title elementor-size-default\">Kontaktiere uns<\/h3>\t\t\t\t<\/div>\n\t\t\t\t<\/div>\n\t\t\t\t<div class=\"elementor-element elementor-element-ab67a26 elementor-widget__width-auto elementor-widget elementor-widget-button\" data-id=\"ab67a26\" data-element_type=\"widget\" data-e-type=\"widget\" data-widget_type=\"button.default\">\n\t\t\t\t<div class=\"elementor-widget-container\">\n\t\t\t\t\t\t\t\t\t<div class=\"elementor-button-wrapper\">\n\t\t\t\t\t<a class=\"elementor-button elementor-button-link elementor-size-sm\" href=\"http:\/\/www.konabrewingco.ch\/de\/kontakt\/\">\n\t\t\t\t\t\t<span class=\"elementor-button-content-wrapper\">\n\t\t\t\t\t\t\t\t\t<span class=\"elementor-button-text\">Kontakt<\/span>\n\t\t\t\t\t<\/span>\n\t\t\t\t\t<\/a>\n\t\t\t\t<\/div>\n\t\t\t\t\t\t\t\t<\/div>\n\t\t\t\t<\/div>\n\t\t\t\t\t<\/div>\n\t\t<\/div>\n\t\t\t\t\t<\/div>\n\t\t<\/section>\n\t\t\t\t<section class=\"elementor-section elementor-top-section elementor-element elementor-element-62775a5 elementor-section-boxed elementor-section-height-default elementor-section-height-default\" data-id=\"62775a5\" data-element_type=\"section\" data-e-type=\"section\">\n\t\t\t\t\t\t<div class=\"elementor-container elementor-column-gap-wide\">\n\t\t\t\t\t<div class=\"elementor-column elementor-col-100 elementor-top-column elementor-element elementor-element-8e099a3\" data-id=\"8e099a3\" data-element_type=\"column\" data-e-type=\"column\">\n\t\t\t<div class=\"elementor-widget-wrap elementor-element-populated\">\n\t\t\t\t\t\t<div class=\"elementor-element elementor-element-28b5e18 elementor-widget elementor-widget-heading\" data-id=\"28b5e18\" data-element_type=\"widget\" data-e-type=\"widget\" data-widget_type=\"heading.default\">\n\t\t\t\t<div class=\"elementor-widget-container\">\n\t\t\t\t\t<h3 class=\"elementor-heading-title elementor-size-default\">Entstehungsgeschichte<\/h3>\t\t\t\t<\/div>\n\t\t\t\t<\/div>\n\t\t\t\t<section class=\"elementor-section elementor-inner-section elementor-element elementor-element-c1fb18c elementor-section-boxed elementor-section-height-default elementor-section-height-default\" data-id=\"c1fb18c\" data-element_type=\"section\" data-e-type=\"section\">\n\t\t\t\t\t\t<div class=\"elementor-container elementor-column-gap-no\">\n\t\t\t\t\t<div class=\"elementor-column elementor-col-50 elementor-inner-column elementor-element elementor-element-66eebd1\" data-id=\"66eebd1\" data-element_type=\"column\" data-e-type=\"column\">\n\t\t\t<div class=\"elementor-widget-wrap elementor-element-populated\">\n\t\t\t\t\t\t<div class=\"elementor-element elementor-element-74a0f1a elementor-widget elementor-widget-heading\" data-id=\"74a0f1a\" data-element_type=\"widget\" data-e-type=\"widget\" data-widget_type=\"heading.default\">\n\t\t\t\t<div class=\"elementor-widget-container\">\n\t\t\t\t\t<h2 class=\"elementor-heading-title elementor-size-default\">In der Zeit zur\u00fcckgelegt<\/h2>\t\t\t\t<\/div>\n\t\t\t\t<\/div>\n\t\t\t\t<div class=\"elementor-element elementor-element-1878cc1 elementor-widget elementor-widget-text-editor\" data-id=\"1878cc1\" data-element_type=\"widget\" data-e-type=\"widget\" data-widget_type=\"text-editor.default\">\n\t\t\t\t<div class=\"elementor-widget-container\">\n\t\t\t\t\t\t\t\t\t<p>Stellen Sie sich vor, Sie fahren auf einer 90 Jahre alten, kurvenreichen Strasse an der Nordk\u00fcste von Maui \u00fcber eine einspurige Steinbr\u00fccke, die Sie zur\u00fcck zum alten Hawaii f\u00fchrt. Diese einfache \u201eAutostrasse\u201c ist als Strasse nach Hana bekannt, einem historischen Fischerdorf und Geburtsort einer hawaiianischen K\u00f6nigin. Die Strasse nach Hana ist mit Meerblick und Wasserf\u00e4llen wie den Wailua-Wasserf\u00e4llen gef\u00fcllt, einem Wasserfall, der 95 Fuss in einen nat\u00fcrlichen Pool eintaucht, der sich im umgebenden Vulkangestein befindet. Tauchen Sie ein in das k\u00fchle, erfrischende Wasser unter dem Baldachin von Palmen und Ihnen wird die Zeitlosigkeit dieses hawaiianischen Paradieses sp\u00fcren.<\/p>\t\t\t\t\t\t\t\t<\/div>\n\t\t\t\t<\/div>\n\t\t\t\t\t<\/div>\n\t\t<\/div>\n\t\t\t\t<div class=\"elementor-column elementor-col-50 elementor-inner-column elementor-element elementor-element-5b5c6a6\" data-id=\"5b5c6a6\" data-element_type=\"column\" data-e-type=\"column\">\n\t\t\t<div class=\"elementor-widget-wrap elementor-element-populated\">\n\t\t\t\t\t\t<div class=\"elementor-element elementor-element-f426dd6 elementor-widget elementor-widget-image\" data-id=\"f426dd6\" data-element_type=\"widget\" data-e-type=\"widget\" data-widget_type=\"image.default\">\n\t\t\t\t<div class=\"elementor-widget-container\">\n\t\t\t\t\t\t\t\t\t\t\t\t\t\t\t<img decoding=\"async\" width=\"1\" height=\"1\" src=\"https:\/\/www.konabrewingco.ch\/wp-content\/uploads\/2020\/07\/konabrewingco_originmaui-wailua-falls.svg\" class=\"attachment-large size-large wp-image-1297\" alt=\"\" \/>\t\t\t\t\t\t\t\t\t\t\t\t\t\t\t<\/div>\n\t\t\t\t<\/div>\n\t\t\t\t\t<\/div>\n\t\t<\/div>\n\t\t\t\t\t<\/div>\n\t\t<\/section>\n\t\t\t\t\t<\/div>\n\t\t<\/div>\n\t\t\t\t\t<\/div>\n\t\t<\/section>\n\t\t\t\t<section class=\"elementor-section elementor-top-section elementor-element elementor-element-5f7642b elementor-section-boxed elementor-section-height-default elementor-section-height-default\" data-id=\"5f7642b\" data-element_type=\"section\" data-e-type=\"section\">\n\t\t\t\t\t\t<div class=\"elementor-container elementor-column-gap-wide\">\n\t\t\t\t\t<div class=\"elementor-column elementor-col-100 elementor-top-column elementor-element elementor-element-ec94183\" data-id=\"ec94183\" data-element_type=\"column\" data-e-type=\"column\">\n\t\t\t<div class=\"elementor-widget-wrap elementor-element-populated\">\n\t\t\t\t\t\t<div class=\"elementor-element elementor-element-1f18515 elementor-widget elementor-widget-heading\" data-id=\"1f18515\" data-element_type=\"widget\" data-e-type=\"widget\" data-widget_type=\"heading.default\">\n\t\t\t\t<div class=\"elementor-widget-container\">\n\t\t\t\t\t<h3 class=\"elementor-heading-title elementor-size-default\">Erl\u00e4uterungen des Brauers<\/h3>\t\t\t\t<\/div>\n\t\t\t\t<\/div>\n\t\t\t\t<section class=\"elementor-section elementor-inner-section elementor-element elementor-element-d0c88a4 elementor-section-boxed elementor-section-height-default elementor-section-height-default\" data-id=\"d0c88a4\" data-element_type=\"section\" data-e-type=\"section\">\n\t\t\t\t\t\t<div class=\"elementor-container elementor-column-gap-no\">\n\t\t\t\t\t<div class=\"elementor-column elementor-col-50 elementor-inner-column elementor-element elementor-element-10e175b\" data-id=\"10e175b\" data-element_type=\"column\" data-e-type=\"column\">\n\t\t\t<div class=\"elementor-widget-wrap elementor-element-populated\">\n\t\t\t\t\t\t<div class=\"elementor-element elementor-element-a429f8c elementor-widget elementor-widget-text-editor\" data-id=\"a429f8c\" data-element_type=\"widget\" data-e-type=\"widget\" data-widget_type=\"text-editor.default\">\n\t\t\t\t<div class=\"elementor-widget-container\">\n\t\t\t\t\t\t\t\t\t<p><strong>BITTERKEIT<\/strong><br \/>15 IBU<br \/><br \/><strong>ALKOHOL IN VOLUMENPROZENT<\/strong><br \/>5.4%<br \/><br \/><strong>STAMMW\u00dcRZGEHALT<\/strong><br \/>12.0 \u00b0 P.<br \/><br \/><strong>MALZ<\/strong><br \/>Pale 2 Row Premium, Weizenmalz<br \/><br \/><strong>HOPFEN<\/strong><br \/>Millennium<br \/><br \/><strong>BESONDERE ZUTATEN<\/strong><br \/>Tropische Passionsfrucht<\/p>\t\t\t\t\t\t\t\t<\/div>\n\t\t\t\t<\/div>\n\t\t\t\t\t<\/div>\n\t\t<\/div>\n\t\t\t\t<div class=\"elementor-column elementor-col-50 elementor-inner-column elementor-element elementor-element-eb2988b\" data-id=\"eb2988b\" data-element_type=\"column\" data-e-type=\"column\">\n\t\t\t<div class=\"elementor-widget-wrap elementor-element-populated\">\n\t\t\t\t\t\t<div class=\"elementor-element elementor-element-d47ded3 elementor-widget elementor-widget-text-editor\" data-id=\"d47ded3\" data-element_type=\"widget\" data-e-type=\"widget\" data-widget_type=\"text-editor.default\">\n\t\t\t\t<div class=\"elementor-widget-container\">\n\t\t\t\t\t\t\t\t\t<p><strong>ZU WELCHEM ESSEN PASST MEIN BIER<\/strong><br \/>Wailua Wheat Ale passt normalerweise gut zu leichteren Gerichten - probieren Sie es mit einem Erdbeerspinatsalat, einem BBQ-H\u00fchnchensandwich oder sogar einer Sch\u00fcssel Vanilleeis.<br \/><br \/><strong>N\u00c4HRWERTANGABEN<\/strong><br \/>ABV% 5.40 | Kalorien 155 | Kohlenhydrate (Gramm) 12.4 | Protein (Gramm) 1.86 | Fett (Gramm) 0 | Natrium (mg) 15.61<\/p>\t\t\t\t\t\t\t\t<\/div>\n\t\t\t\t<\/div>\n\t\t\t\t\t<\/div>\n\t\t<\/div>\n\t\t\t\t\t<\/div>\n\t\t<\/section>\n\t\t\t\t<div class=\"elementor-element elementor-element-0075ce9 elementor-widget elementor-widget-heading\" data-id=\"0075ce9\" data-element_type=\"widget\" data-e-type=\"widget\" data-widget_type=\"heading.default\">\n\t\t\t\t<div class=\"elementor-widget-container\">\n\t\t\t\t\t<h3 class=\"elementor-heading-title elementor-size-default\">Auszeichnungen<\/h3>\t\t\t\t<\/div>\n\t\t\t\t<\/div>\n\t\t\t\t<section class=\"elementor-section elementor-inner-section elementor-element elementor-element-58ab809 elementor-section-boxed elementor-section-height-default elementor-section-height-default\" data-id=\"58ab809\" data-element_type=\"section\" data-e-type=\"section\">\n\t\t\t\t\t\t<div class=\"elementor-container elementor-column-gap-no\">\n\t\t\t\t\t<div class=\"elementor-column elementor-col-50 elementor-inner-column elementor-element elementor-element-fb88557\" data-id=\"fb88557\" data-element_type=\"column\" data-e-type=\"column\">\n\t\t\t<div class=\"elementor-widget-wrap elementor-element-populated\">\n\t\t\t\t\t\t<div class=\"elementor-element elementor-element-de8b40f elementor-widget elementor-widget-text-editor\" data-id=\"de8b40f\" data-element_type=\"widget\" data-e-type=\"widget\" data-widget_type=\"text-editor.default\">\n\t\t\t\t<div class=\"elementor-widget-container\">\n\t\t\t\t\t\t\t\t\t<p><strong>2011 GOLDMEDAILLE<\/strong> <br \/>Fruit\/Vegetable Beer Kategorie, US Open Beer Championship<\/p>\t\t\t\t\t\t\t\t<\/div>\n\t\t\t\t<\/div>\n\t\t\t\t\t<\/div>\n\t\t<\/div>\n\t\t\t\t<div class=\"elementor-column elementor-col-50 elementor-inner-column elementor-element elementor-element-4b457ed\" data-id=\"4b457ed\" data-element_type=\"column\" data-e-type=\"column\">\n\t\t\t<div class=\"elementor-widget-wrap\">\n\t\t\t\t\t\t\t<\/div>\n\t\t<\/div>\n\t\t\t\t\t<\/div>\n\t\t<\/section>\n\t\t\t\t\t<\/div>\n\t\t<\/div>\n\t\t\t\t\t<\/div>\n\t\t<\/section>\n\t\t\t\t<section class=\"elementor-section elementor-top-section elementor-element elementor-element-94d6bdf elementor-section-boxed elementor-section-height-default elementor-section-height-default\" data-id=\"94d6bdf\" data-element_type=\"section\" data-e-type=\"section\">\n\t\t\t\t\t\t<div class=\"elementor-container elementor-column-gap-default\">\n\t\t\t\t\t<div class=\"elementor-column elementor-col-100 elementor-top-column elementor-element elementor-element-b39b142\" data-id=\"b39b142\" data-element_type=\"column\" data-e-type=\"column\">\n\t\t\t<div class=\"elementor-widget-wrap\">\n\t\t\t\t\t\t\t<\/div>\n\t\t<\/div>\n\t\t\t\t\t<\/div>\n\t\t<\/section>\n\t\t\t\t<section class=\"elementor-section elementor-top-section elementor-element elementor-element-b35a9df elementor-section-boxed elementor-section-height-default elementor-section-height-default\" data-id=\"b35a9df\" data-element_type=\"section\" data-e-type=\"section\">\n\t\t\t\t\t\t<div class=\"elementor-container elementor-column-gap-default\">\n\t\t\t\t\t<div class=\"elementor-column elementor-col-100 elementor-top-column elementor-element elementor-element-cd2cc30\" data-id=\"cd2cc30\" data-element_type=\"column\" data-e-type=\"column\">\n\t\t\t<div class=\"elementor-widget-wrap\">\n\t\t\t\t\t\t\t<\/div>\n\t\t<\/div>\n\t\t\t\t\t<\/div>\n\t\t<\/section>\n\t\t\t\t<section class=\"elementor-section elementor-top-section elementor-element elementor-element-b29f3d8 elementor-section-boxed elementor-section-height-default elementor-section-height-default\" data-id=\"b29f3d8\" data-element_type=\"section\" data-e-type=\"section\">\n\t\t\t\t\t\t<div class=\"elementor-container elementor-column-gap-default\">\n\t\t\t\t\t<div class=\"elementor-column elementor-col-100 elementor-top-column elementor-element elementor-element-39681c6\" data-id=\"39681c6\" data-element_type=\"column\" data-e-type=\"column\">\n\t\t\t<div class=\"elementor-widget-wrap\">\n\t\t\t\t\t\t\t<\/div>\n\t\t<\/div>\n\t\t\t\t\t<\/div>\n\t\t<\/section>\n\t\t\t\t<\/div>","protected":false},"excerpt":{"rendered":"<p>Wailua Wheat ist ein goldenes, sonnenfarbiges Ale mit einem hellen, zitrischen Geschmack, das aus der tropischen Passionsfrucht stammt.<\/p>","protected":false},"featured_media":1300,"template":"","meta":{"site-sidebar-layout":"no-sidebar","site-content-layout":"page-builder","ast-site-content-layout":"default","site-content-style":"default","site-sidebar-style":"default","ast-global-header-display":"","ast-banner-title-visibility":"","ast-main-header-display":"","ast-hfb-above-header-display":"","ast-hfb-below-header-display":"","ast-hfb-mobile-header-display":"","site-post-title":"disabled","ast-breadcrumbs-content":"","ast-featured-img":"disabled","footer-sml-layout":"","ast-disable-related-posts":"","theme-transparent-header-meta":"default","adv-header-id-meta":"","stick-header-meta":"","header-above-stick-meta":"","header-main-stick-meta":"","header-below-stick-meta":"","astra-migrate-meta-layouts":"default","ast-page-background-enabled":"default","ast-page-background-meta":{"desktop":{"background-color":"","background-image":"","background-repeat":"repeat","background-position":"center center","background-size":"auto","background-attachment":"scroll","background-type":"","background-media":"","overlay-type":"","overlay-color":"","overlay-opacity":"","overlay-gradient":""},"tablet":{"background-color":"","background-image":"","background-repeat":"repeat","background-position":"center center","background-size":"auto","background-attachment":"scroll","background-type":"","background-media":"","overlay-type":"","overlay-color":"","overlay-opacity":"","overlay-gradient":""},"mobile":{"background-color":"","background-image":"","background-repeat":"repeat","background-position":"center center","background-size":"auto","background-attachment":"scroll","background-type":"","background-media":"","overlay-type":"","overlay-color":"","overlay-opacity":"","overlay-gradient":""}},"ast-content-background-meta":{"desktop":{"background-color":"var(--ast-global-color-5)","background-image":"","background-repeat":"repeat","background-position":"center center","background-size":"auto","background-attachment":"scroll","background-type":"","background-media":"","overlay-type":"","overlay-color":"","overlay-opacity":"","overlay-gradient":""},"tablet":{"background-color":"var(--ast-global-color-5)","background-image":"","background-repeat":"repeat","background-position":"center center","background-size":"auto","background-attachment":"scroll","background-type":"","background-media":"","overlay-type":"","overlay-color":"","overlay-opacity":"","overlay-gradient":""},"mobile":{"background-color":"var(--ast-global-color-5)","background-image":"","background-repeat":"repeat","background-position":"center center","background-size":"auto","background-attachment":"scroll","background-type":"","background-media":"","overlay-type":"","overlay-color":"","overlay-opacity":"","overlay-gradient":""}}},"product_brand":[],"product_cat":[37,42],"product_tag":[],"class_list":{"0":"post-1292","1":"product","2":"type-product","3":"status-publish","4":"has-post-thumbnail","6":"product_cat-available-year-round","7":"product_cat-hawaii-only","8":"desktop-align-left","9":"tablet-align-left","10":"mobile-align-left","12":"first","13":"instock","14":"shipping-taxable","15":"product-type-simple"},"yoast_head":"<!-- This site is optimized with the Yoast SEO plugin v27.6 - https:\/\/yoast.com\/product\/yoast-seo-wordpress\/ -->\n<title>Wailua Wheat - Kona Brewing Co. Switzerland<\/title>\n<meta name=\"robots\" content=\"index, follow, max-snippet:-1, max-image-preview:large, max-video-preview:-1\" \/>\n<link rel=\"canonical\" href=\"https:\/\/www.konabrewingco.ch\/de\/produkt\/wailua-wheat\/\" \/>\n<meta property=\"og:locale\" content=\"de_DE\" \/>\n<meta property=\"og:type\" content=\"article\" \/>\n<meta property=\"og:title\" content=\"Wailua Wheat - Kona Brewing Co. Switzerland\" \/>\n<meta property=\"og:description\" content=\"Wailua Wheat is a golden, sun-colored ale with a bright, citrusy flavor that comes from the tropical passion fruit we brew into each batch.\" \/>\n<meta property=\"og:url\" content=\"https:\/\/www.konabrewingco.ch\/de\/produkt\/wailua-wheat\/\" \/>\n<meta property=\"og:site_name\" content=\"Kona Brewing Co. Switzerland\" \/>\n<meta property=\"article:modified_time\" content=\"2020-07-21T09:48:41+00:00\" \/>\n<meta property=\"og:image\" content=\"https:\/\/www.konabrewingco.ch\/wp-content\/uploads\/2020\/07\/konabrewingco_products_wailua_wheat.png\" \/>\n\t<meta property=\"og:image:width\" content=\"850\" \/>\n\t<meta property=\"og:image:height\" content=\"850\" \/>\n\t<meta property=\"og:image:type\" content=\"image\/png\" \/>\n<meta name=\"twitter:card\" content=\"summary_large_image\" \/>\n<meta name=\"twitter:label1\" content=\"Gesch\u00e4tzte Lesezeit\" \/>\n\t<meta name=\"twitter:data1\" content=\"1\u00a0Minute\" \/>\n<script type=\"application\/ld+json\" class=\"yoast-schema-graph\">{\"@context\":\"https:\\\/\\\/schema.org\",\"@graph\":[{\"@type\":\"WebPage\",\"@id\":\"https:\\\/\\\/www.konabrewingco.ch\\\/de\\\/produkt\\\/wailua-wheat\\\/\",\"url\":\"https:\\\/\\\/www.konabrewingco.ch\\\/de\\\/produkt\\\/wailua-wheat\\\/\",\"name\":\"Wailua Wheat - Kona Brewing Co. Switzerland\",\"isPartOf\":{\"@id\":\"https:\\\/\\\/www.konabrewingco.ch\\\/#website\"},\"primaryImageOfPage\":{\"@id\":\"https:\\\/\\\/www.konabrewingco.ch\\\/de\\\/produkt\\\/wailua-wheat\\\/#primaryimage\"},\"image\":{\"@id\":\"https:\\\/\\\/www.konabrewingco.ch\\\/de\\\/produkt\\\/wailua-wheat\\\/#primaryimage\"},\"thumbnailUrl\":\"https:\\\/\\\/www.konabrewingco.ch\\\/wp-content\\\/uploads\\\/2020\\\/07\\\/konabrewingco_products_wailua_wheat.png\",\"datePublished\":\"2020-07-21T09:37:48+00:00\",\"dateModified\":\"2020-07-21T09:48:41+00:00\",\"breadcrumb\":{\"@id\":\"https:\\\/\\\/www.konabrewingco.ch\\\/de\\\/produkt\\\/wailua-wheat\\\/#breadcrumb\"},\"inLanguage\":\"de-CH\",\"potentialAction\":[{\"@type\":\"ReadAction\",\"target\":[\"https:\\\/\\\/www.konabrewingco.ch\\\/de\\\/produkt\\\/wailua-wheat\\\/\"]}]},{\"@type\":\"ImageObject\",\"inLanguage\":\"de-CH\",\"@id\":\"https:\\\/\\\/www.konabrewingco.ch\\\/de\\\/produkt\\\/wailua-wheat\\\/#primaryimage\",\"url\":\"https:\\\/\\\/www.konabrewingco.ch\\\/wp-content\\\/uploads\\\/2020\\\/07\\\/konabrewingco_products_wailua_wheat.png\",\"contentUrl\":\"https:\\\/\\\/www.konabrewingco.ch\\\/wp-content\\\/uploads\\\/2020\\\/07\\\/konabrewingco_products_wailua_wheat.png\",\"width\":850,\"height\":850},{\"@type\":\"BreadcrumbList\",\"@id\":\"https:\\\/\\\/www.konabrewingco.ch\\\/de\\\/produkt\\\/wailua-wheat\\\/#breadcrumb\",\"itemListElement\":[{\"@type\":\"ListItem\",\"position\":1,\"name\":\"Home\",\"item\":\"https:\\\/\\\/www.konabrewingco.ch\\\/\"},{\"@type\":\"ListItem\",\"position\":2,\"name\":\"Our beers\",\"item\":\"https:\\\/\\\/www.konabrewingco.ch\\\/our-beers\\\/\"},{\"@type\":\"ListItem\",\"position\":3,\"name\":\"Wailua Wheat\"}]},{\"@type\":\"WebSite\",\"@id\":\"https:\\\/\\\/www.konabrewingco.ch\\\/#website\",\"url\":\"https:\\\/\\\/www.konabrewingco.ch\\\/\",\"name\":\"Kona Brewing Co. Switzerland\",\"description\":\"Liquid Aloha\",\"publisher\":{\"@id\":\"https:\\\/\\\/www.konabrewingco.ch\\\/#organization\"},\"potentialAction\":[{\"@type\":\"SearchAction\",\"target\":{\"@type\":\"EntryPoint\",\"urlTemplate\":\"https:\\\/\\\/www.konabrewingco.ch\\\/?s={search_term_string}\"},\"query-input\":{\"@type\":\"PropertyValueSpecification\",\"valueRequired\":true,\"valueName\":\"search_term_string\"}}],\"inLanguage\":\"de-CH\"},{\"@type\":\"Organization\",\"@id\":\"https:\\\/\\\/www.konabrewingco.ch\\\/#organization\",\"name\":\"Kona Brewing Co. Switzerland\",\"url\":\"https:\\\/\\\/www.konabrewingco.ch\\\/\",\"logo\":{\"@type\":\"ImageObject\",\"inLanguage\":\"de-CH\",\"@id\":\"https:\\\/\\\/www.konabrewingco.ch\\\/#\\\/schema\\\/logo\\\/image\\\/\",\"url\":\"https:\\\/\\\/www.konabrewingco.ch\\\/wp-content\\\/uploads\\\/2020\\\/06\\\/kona_logo.svg\",\"contentUrl\":\"https:\\\/\\\/www.konabrewingco.ch\\\/wp-content\\\/uploads\\\/2020\\\/06\\\/kona_logo.svg\",\"width\":1,\"height\":1,\"caption\":\"Kona Brewing Co. Switzerland\"},\"image\":{\"@id\":\"https:\\\/\\\/www.konabrewingco.ch\\\/#\\\/schema\\\/logo\\\/image\\\/\"}}]}<\/script>\n<!-- \/ Yoast SEO plugin. -->","yoast_head_json":{"title":"Wailua Weizen - Kona Brewing Co. Schweiz","robots":{"index":"index","follow":"follow","max-snippet":"max-snippet:-1","max-image-preview":"max-image-preview:large","max-video-preview":"max-video-preview:-1"},"canonical":"https:\/\/www.konabrewingco.ch\/de\/produkt\/wailua-wheat\/","og_locale":"de_DE","og_type":"article","og_title":"Wailua Wheat - Kona Brewing Co. Switzerland","og_description":"Wailua Wheat is a golden, sun-colored ale with a bright, citrusy flavor that comes from the tropical passion fruit we brew into each batch.","og_url":"https:\/\/www.konabrewingco.ch\/de\/produkt\/wailua-wheat\/","og_site_name":"Kona Brewing Co. Switzerland","article_modified_time":"2020-07-21T09:48:41+00:00","og_image":[{"width":850,"height":850,"url":"https:\/\/www.konabrewingco.ch\/wp-content\/uploads\/2020\/07\/konabrewingco_products_wailua_wheat.png","type":"image\/png"}],"twitter_card":"summary_large_image","twitter_misc":{"Gesch\u00e4tzte Lesezeit":"1\u00a0Minute"},"schema":{"@context":"https:\/\/schema.org","@graph":[{"@type":"WebPage","@id":"https:\/\/www.konabrewingco.ch\/de\/produkt\/wailua-wheat\/","url":"https:\/\/www.konabrewingco.ch\/de\/produkt\/wailua-wheat\/","name":"Wailua Weizen - Kona Brewing Co. Schweiz","isPartOf":{"@id":"https:\/\/www.konabrewingco.ch\/#website"},"primaryImageOfPage":{"@id":"https:\/\/www.konabrewingco.ch\/de\/produkt\/wailua-wheat\/#primaryimage"},"image":{"@id":"https:\/\/www.konabrewingco.ch\/de\/produkt\/wailua-wheat\/#primaryimage"},"thumbnailUrl":"https:\/\/www.konabrewingco.ch\/wp-content\/uploads\/2020\/07\/konabrewingco_products_wailua_wheat.png","datePublished":"2020-07-21T09:37:48+00:00","dateModified":"2020-07-21T09:48:41+00:00","breadcrumb":{"@id":"https:\/\/www.konabrewingco.ch\/de\/produkt\/wailua-wheat\/#breadcrumb"},"inLanguage":"de-CH","potentialAction":[{"@type":"ReadAction","target":["https:\/\/www.konabrewingco.ch\/de\/produkt\/wailua-wheat\/"]}]},{"@type":"ImageObject","inLanguage":"de-CH","@id":"https:\/\/www.konabrewingco.ch\/de\/produkt\/wailua-wheat\/#primaryimage","url":"https:\/\/www.konabrewingco.ch\/wp-content\/uploads\/2020\/07\/konabrewingco_products_wailua_wheat.png","contentUrl":"https:\/\/www.konabrewingco.ch\/wp-content\/uploads\/2020\/07\/konabrewingco_products_wailua_wheat.png","width":850,"height":850},{"@type":"BreadcrumbList","@id":"https:\/\/www.konabrewingco.ch\/de\/produkt\/wailua-wheat\/#breadcrumb","itemListElement":[{"@type":"ListItem","position":1,"name":"Home","item":"https:\/\/www.konabrewingco.ch\/"},{"@type":"ListItem","position":2,"name":"Our beers","item":"https:\/\/www.konabrewingco.ch\/our-beers\/"},{"@type":"ListItem","position":3,"name":"Wailua Wheat"}]},{"@type":"WebSite","@id":"https:\/\/www.konabrewingco.ch\/#website","url":"https:\/\/www.konabrewingco.ch\/","name":"Kona Brewing Co. Schweiz","description":"Fl\u00fcssiges Aloha","publisher":{"@id":"https:\/\/www.konabrewingco.ch\/#organization"},"potentialAction":[{"@type":"SearchAction","target":{"@type":"EntryPoint","urlTemplate":"https:\/\/www.konabrewingco.ch\/?s={search_term_string}"},"query-input":{"@type":"PropertyValueSpecification","valueRequired":true,"valueName":"search_term_string"}}],"inLanguage":"de-CH"},{"@type":"Organization","@id":"https:\/\/www.konabrewingco.ch\/#organization","name":"Kona Brewing Co. Schweiz","url":"https:\/\/www.konabrewingco.ch\/","logo":{"@type":"ImageObject","inLanguage":"de-CH","@id":"https:\/\/www.konabrewingco.ch\/#\/schema\/logo\/image\/","url":"https:\/\/www.konabrewingco.ch\/wp-content\/uploads\/2020\/06\/kona_logo.svg","contentUrl":"https:\/\/www.konabrewingco.ch\/wp-content\/uploads\/2020\/06\/kona_logo.svg","width":1,"height":1,"caption":"Kona Brewing Co. Switzerland"},"image":{"@id":"https:\/\/www.konabrewingco.ch\/#\/schema\/logo\/image\/"}}]}},"_links":{"self":[{"href":"https:\/\/www.konabrewingco.ch\/de\/wp-json\/wp\/v2\/product\/1292","targetHints":{"allow":["GET"]}}],"collection":[{"href":"https:\/\/www.konabrewingco.ch\/de\/wp-json\/wp\/v2\/product"}],"about":[{"href":"https:\/\/www.konabrewingco.ch\/de\/wp-json\/wp\/v2\/types\/product"}],"version-history":[{"count":0,"href":"https:\/\/www.konabrewingco.ch\/de\/wp-json\/wp\/v2\/product\/1292\/revisions"}],"wp:featuredmedia":[{"embeddable":true,"href":"https:\/\/www.konabrewingco.ch\/de\/wp-json\/wp\/v2\/media\/1300"}],"wp:attachment":[{"href":"https:\/\/www.konabrewingco.ch\/de\/wp-json\/wp\/v2\/media?parent=1292"}],"wp:term":[{"taxonomy":"product_brand","embeddable":true,"href":"https:\/\/www.konabrewingco.ch\/de\/wp-json\/wp\/v2\/product_brand?post=1292"},{"taxonomy":"product_cat","embeddable":true,"href":"https:\/\/www.konabrewingco.ch\/de\/wp-json\/wp\/v2\/product_cat?post=1292"},{"taxonomy":"product_tag","embeddable":true,"href":"https:\/\/www.konabrewingco.ch\/de\/wp-json\/wp\/v2\/product_tag?post=1292"}],"curies":[{"name":"wp","href":"https:\/\/api.w.org\/{rel}","templated":true}]}}