{"id":638,"date":"2020-07-14T10:50:03","date_gmt":"2020-07-14T08:50:03","guid":{"rendered":"http:\/\/www.konabrewingco.ch\/?post_type=product&#038;p=638"},"modified":"2025-06-05T11:23:43","modified_gmt":"2025-06-05T09:23:43","slug":"hanalei-island-ipa","status":"publish","type":"product","link":"https:\/\/www.konabrewingco.ch\/de\/product\/hanalei-island-ipa\/","title":{"rendered":"Hanalei Island IPA"},"content":{"rendered":"<div data-elementor-type=\"product-post\" data-elementor-id=\"638\" class=\"elementor elementor-638\" data-elementor-post-type=\"product\">\n\t\t\t\t\t\t<section class=\"elementor-section elementor-top-section elementor-element elementor-element-dfec49d elementor-section-boxed elementor-section-height-default elementor-section-height-default\" data-id=\"dfec49d\" data-element_type=\"section\" data-e-type=\"section\">\n\t\t\t\t\t\t<div class=\"elementor-container elementor-column-gap-no\">\n\t\t\t\t\t<div class=\"elementor-column elementor-col-100 elementor-top-column elementor-element elementor-element-0bf4c0c\" data-id=\"0bf4c0c\" data-element_type=\"column\" data-e-type=\"column\">\n\t\t\t<div class=\"elementor-widget-wrap elementor-element-populated\">\n\t\t\t\t\t\t<div class=\"elementor-element elementor-element-59700b1 elementor-widget elementor-widget-heading\" data-id=\"59700b1\" data-element_type=\"widget\" data-e-type=\"widget\" data-widget_type=\"heading.default\">\n\t\t\t\t<div class=\"elementor-widget-container\">\n\t\t\t\t\t<h3 class=\"elementor-heading-title elementor-size-default\">Kaufen Sie jetzt online in unseren Partner-Shops ein<\/h3>\t\t\t\t<\/div>\n\t\t\t\t<\/div>\n\t\t\t\t<div class=\"elementor-element elementor-element-7948af2 elementor-widget__width-auto elementor-widget elementor-widget-button\" data-id=\"7948af2\" data-element_type=\"widget\" data-e-type=\"widget\" data-widget_type=\"button.default\">\n\t\t\t\t<div class=\"elementor-widget-container\">\n\t\t\t\t\t\t\t\t\t<div class=\"elementor-button-wrapper\">\n\t\t\t\t\t<a class=\"elementor-button elementor-button-link elementor-size-sm\" href=\"https:\/\/beerworld.ch\/produkt\/kona-hanalei-ipa\/\" target=\"_blank\">\n\t\t\t\t\t\t<span class=\"elementor-button-content-wrapper\">\n\t\t\t\t\t\t\t\t\t<span class=\"elementor-button-text\">Bierwelt<\/span>\n\t\t\t\t\t<\/span>\n\t\t\t\t\t<\/a>\n\t\t\t\t<\/div>\n\t\t\t\t\t\t\t\t<\/div>\n\t\t\t\t<\/div>\n\t\t\t\t<div class=\"elementor-element elementor-element-329883f elementor-widget__width-auto elementor-widget elementor-widget-button\" data-id=\"329883f\" data-element_type=\"widget\" data-e-type=\"widget\" data-widget_type=\"button.default\">\n\t\t\t\t<div class=\"elementor-widget-container\">\n\t\t\t\t\t\t\t\t\t<div class=\"elementor-button-wrapper\">\n\t\t\t\t\t<a class=\"elementor-button elementor-button-link elementor-size-sm\" href=\"https:\/\/www.schuewo.ch\/de\/hanalei-island-ipa-bier-kona-hawaii-355-cl\/a!59017\/\" target=\"_blank\">\n\t\t\t\t\t\t<span class=\"elementor-button-content-wrapper\">\n\t\t\t\t\t\t\t\t\t<span class=\"elementor-button-text\">Sch\u00fcwo<\/span>\n\t\t\t\t\t<\/span>\n\t\t\t\t\t<\/a>\n\t\t\t\t<\/div>\n\t\t\t\t\t\t\t\t<\/div>\n\t\t\t\t<\/div>\n\t\t\t\t\t<\/div>\n\t\t<\/div>\n\t\t\t\t\t<\/div>\n\t\t<\/section>\n\t\t\t\t<section class=\"elementor-section elementor-top-section elementor-element elementor-element-8094cc8 elementor-section-boxed elementor-section-height-default elementor-section-height-default\" data-id=\"8094cc8\" data-element_type=\"section\" data-e-type=\"section\">\n\t\t\t\t\t\t<div class=\"elementor-container elementor-column-gap-wide\">\n\t\t\t\t\t<div class=\"elementor-column elementor-col-100 elementor-top-column elementor-element elementor-element-2fbb1a2\" data-id=\"2fbb1a2\" data-element_type=\"column\" data-e-type=\"column\">\n\t\t\t<div class=\"elementor-widget-wrap elementor-element-populated\">\n\t\t\t\t\t\t<div class=\"elementor-element elementor-element-0c69334 elementor-widget elementor-widget-heading\" data-id=\"0c69334\" data-element_type=\"widget\" data-e-type=\"widget\" data-widget_type=\"heading.default\">\n\t\t\t\t<div class=\"elementor-widget-container\">\n\t\t\t\t\t<h3 class=\"elementor-heading-title elementor-size-default\">Entstehungsgeschichte<\/h3>\t\t\t\t<\/div>\n\t\t\t\t<\/div>\n\t\t\t\t<section class=\"elementor-section elementor-inner-section elementor-element elementor-element-d92959f elementor-section-boxed elementor-section-height-default elementor-section-height-default\" data-id=\"d92959f\" data-element_type=\"section\" data-e-type=\"section\">\n\t\t\t\t\t\t<div class=\"elementor-container elementor-column-gap-no\">\n\t\t\t\t\t<div class=\"elementor-column elementor-col-50 elementor-inner-column elementor-element elementor-element-7a50b15\" data-id=\"7a50b15\" data-element_type=\"column\" data-e-type=\"column\">\n\t\t\t<div class=\"elementor-widget-wrap elementor-element-populated\">\n\t\t\t\t\t\t<div class=\"elementor-element elementor-element-063e3d4 elementor-widget elementor-widget-heading\" data-id=\"063e3d4\" data-element_type=\"widget\" data-e-type=\"widget\" data-widget_type=\"heading.default\">\n\t\t\t\t<div class=\"elementor-widget-container\">\n\t\t\t\t\t<h2 class=\"elementor-heading-title elementor-size-default\">Paddlerparadies<\/h2>\t\t\t\t<\/div>\n\t\t\t\t<\/div>\n\t\t\t\t<div class=\"elementor-element elementor-element-6ae4c82 elementor-widget elementor-widget-text-editor\" data-id=\"6ae4c82\" data-element_type=\"widget\" data-e-type=\"widget\" data-widget_type=\"text-editor.default\">\n\t\t\t\t<div class=\"elementor-widget-container\">\n\t\t\t\t\t\t\t\t\t<p>An der Nordk\u00fcste von Kauai liegt halbmondf\u00f6rmig die Hanalei-Bucht vor \u00fcppig gr\u00fcnbewachsenen Bergen mit Wasserf\u00e4llen, die vom warmen pazifischen Regen gespeist werden. Dies ist das Hawaii Deiner Tr\u00e4ume. Starte mit Deinem Kajak in das ruhige blaue Wasser am historischen Pier und geniesse die einmalige Aussicht auf die wei\u00dfen Str\u00e4nde, das kleine Dorf Hanalei und den Makana-Berg (bekannt als Bali Hai). Wenn Du von dieser Bucht zur N\u0101 Pali-K\u00fcste oder den Hanalei-Fluss hinauf paddelst, wirst Du weitere Naturwunder entdecken, die nur vom Wasser aus gesehen werden k\u00f6nnen. Lass den Alltag hinter Dir und tauche ein in einen Ort, der dem Paradies nahe kommt.<\/p>\t\t\t\t\t\t\t\t<\/div>\n\t\t\t\t<\/div>\n\t\t\t\t\t<\/div>\n\t\t<\/div>\n\t\t\t\t<div class=\"elementor-column elementor-col-50 elementor-inner-column elementor-element elementor-element-487ce04\" data-id=\"487ce04\" data-element_type=\"column\" data-e-type=\"column\">\n\t\t\t<div class=\"elementor-widget-wrap elementor-element-populated\">\n\t\t\t\t\t\t<div class=\"elementor-element elementor-element-5b7232f elementor-widget elementor-widget-image\" data-id=\"5b7232f\" data-element_type=\"widget\" data-e-type=\"widget\" data-widget_type=\"image.default\">\n\t\t\t\t<div class=\"elementor-widget-container\">\n\t\t\t\t\t\t\t\t\t\t\t\t\t\t\t<img decoding=\"async\" width=\"1\" height=\"1\" src=\"https:\/\/www.konabrewingco.ch\/wp-content\/uploads\/2020\/07\/konabrewing_products_kauai-hanalaei.svg\" class=\"attachment-large size-large wp-image-652\" alt=\"\" \/>\t\t\t\t\t\t\t\t\t\t\t\t\t\t\t<\/div>\n\t\t\t\t<\/div>\n\t\t\t\t\t<\/div>\n\t\t<\/div>\n\t\t\t\t\t<\/div>\n\t\t<\/section>\n\t\t\t\t<div class=\"elementor-element elementor-element-84ce3f2 elementor-widget elementor-widget-heading\" data-id=\"84ce3f2\" data-element_type=\"widget\" data-e-type=\"widget\" data-widget_type=\"heading.default\">\n\t\t\t\t<div class=\"elementor-widget-container\">\n\t\t\t\t\t<h3 class=\"elementor-heading-title elementor-size-default\">Erl\u00e4uterungen des Brauers<\/h3>\t\t\t\t<\/div>\n\t\t\t\t<\/div>\n\t\t\t\t<section class=\"elementor-section elementor-inner-section elementor-element elementor-element-b09402d elementor-section-boxed elementor-section-height-default elementor-section-height-default\" data-id=\"b09402d\" data-element_type=\"section\" data-e-type=\"section\">\n\t\t\t\t\t\t<div class=\"elementor-container elementor-column-gap-no\">\n\t\t\t\t\t<div class=\"elementor-column elementor-col-50 elementor-inner-column elementor-element elementor-element-81e55f6\" data-id=\"81e55f6\" data-element_type=\"column\" data-e-type=\"column\">\n\t\t\t<div class=\"elementor-widget-wrap elementor-element-populated\">\n\t\t\t\t\t\t<div class=\"elementor-element elementor-element-dccd3dd elementor-widget elementor-widget-text-editor\" data-id=\"dccd3dd\" data-element_type=\"widget\" data-e-type=\"widget\" data-widget_type=\"text-editor.default\">\n\t\t\t\t<div class=\"elementor-widget-container\">\n\t\t\t\t\t\t\t\t\t<p><strong>BITTERKEIT<\/strong><br \/>40 IBU<br \/><br \/><strong>ALKOHOL IN VOLUMENPROZENT<\/strong><br \/>4.5%<br \/><br \/><strong>STAMMW\u00dcRZGEHALT<\/strong><br \/>10.0 \u00b0 P.<br \/><br \/><strong>MALZ<\/strong><br \/>Dunkel 2reihiges Premium, Caramel-120<br \/><br \/><strong>HOPFEN<\/strong><br \/>Millennium, Azacca, Galaxie<br \/><br \/><strong>BESONDERE ZUTATEN<\/strong><br \/>Tropische Passionfrucht, Orangen, Guave<\/p>\t\t\t\t\t\t\t\t<\/div>\n\t\t\t\t<\/div>\n\t\t\t\t\t<\/div>\n\t\t<\/div>\n\t\t\t\t<div class=\"elementor-column elementor-col-50 elementor-inner-column elementor-element elementor-element-ddf4af0\" data-id=\"ddf4af0\" data-element_type=\"column\" data-e-type=\"column\">\n\t\t\t<div class=\"elementor-widget-wrap elementor-element-populated\">\n\t\t\t\t\t\t<div class=\"elementor-element elementor-element-152fc02 elementor-widget elementor-widget-text-editor\" data-id=\"152fc02\" data-element_type=\"widget\" data-e-type=\"widget\" data-widget_type=\"text-editor.default\">\n\t\t\t\t<div class=\"elementor-widget-container\">\n\t\t\t\t\t\t\t\t\t<p><strong>ZU WELCHEM ESSEN PASST MEIN BIER<\/strong><br \/>Hanalei Island IPA ist ein leichteres Bier und passt perfekt zu Meeresfr\u00fcchten, Tacos, Pizza oder Nudelgerichten.<br \/><br \/><strong>N\u00c4HRWERTANGABEN<\/strong><br \/>% Vol. 4.50 | Kalorien 144 | Kohlenhydrate (Gramm) 11.2 | Protein (Gramm) 1.40 | Fett (Gramm) 0 | Natrium (mg) 10.8<\/p>\t\t\t\t\t\t\t\t<\/div>\n\t\t\t\t<\/div>\n\t\t\t\t\t<\/div>\n\t\t<\/div>\n\t\t\t\t\t<\/div>\n\t\t<\/section>\n\t\t\t\t<div class=\"elementor-element elementor-element-e46b925 elementor-widget elementor-widget-heading\" data-id=\"e46b925\" data-element_type=\"widget\" data-e-type=\"widget\" data-widget_type=\"heading.default\">\n\t\t\t\t<div class=\"elementor-widget-container\">\n\t\t\t\t\t<h3 class=\"elementor-heading-title elementor-size-default\">Auszeichnungen<\/h3>\t\t\t\t<\/div>\n\t\t\t\t<\/div>\n\t\t\t\t<section class=\"elementor-section elementor-inner-section elementor-element elementor-element-4902297 elementor-section-boxed elementor-section-height-default elementor-section-height-default\" data-id=\"4902297\" data-element_type=\"section\" data-e-type=\"section\">\n\t\t\t\t\t\t<div class=\"elementor-container elementor-column-gap-no\">\n\t\t\t\t\t<div class=\"elementor-column elementor-col-50 elementor-inner-column elementor-element elementor-element-57d991f\" data-id=\"57d991f\" data-element_type=\"column\" data-e-type=\"column\">\n\t\t\t<div class=\"elementor-widget-wrap elementor-element-populated\">\n\t\t\t\t\t\t<div class=\"elementor-element elementor-element-b73b455 elementor-widget elementor-widget-text-editor\" data-id=\"b73b455\" data-element_type=\"widget\" data-e-type=\"widget\" data-widget_type=\"text-editor.default\">\n\t\t\t\t<div class=\"elementor-widget-container\">\n\t\t\t\t\t\t\t\t\t<p><strong>2017 BRONZE MEDAILLE<\/strong> Kategorie American-Style Fruit Beer, Best of Craft Beer Awards<\/p>\t\t\t\t\t\t\t\t<\/div>\n\t\t\t\t<\/div>\n\t\t\t\t\t<\/div>\n\t\t<\/div>\n\t\t\t\t<div class=\"elementor-column elementor-col-50 elementor-inner-column elementor-element elementor-element-e56bfc0\" data-id=\"e56bfc0\" data-element_type=\"column\" data-e-type=\"column\">\n\t\t\t<div class=\"elementor-widget-wrap\">\n\t\t\t\t\t\t\t<\/div>\n\t\t<\/div>\n\t\t\t\t\t<\/div>\n\t\t<\/section>\n\t\t\t\t\t<\/div>\n\t\t<\/div>\n\t\t\t\t\t<\/div>\n\t\t<\/section>\n\t\t\t\t<\/div>","protected":false},"excerpt":{"rendered":"<p>Hanalei Island IPA ist ein tropisch angehauchtes Bier. Das typisch hopfenreiche Aroma eines IPA bekommt mit Zugabe von Passionsfrucht, Orange und Guava einen \"Hawaiian twist\", der die Bitterkeit des Hopfens wunderbar ausbalanciert. Ein Geschmack, der Erinnerungen an die Inseln wachruft.<\/p>","protected":false},"featured_media":656,"template":"","meta":{"site-sidebar-layout":"no-sidebar","site-content-layout":"page-builder","ast-site-content-layout":"default","site-content-style":"default","site-sidebar-style":"default","ast-global-header-display":"","ast-banner-title-visibility":"","ast-main-header-display":"","ast-hfb-above-header-display":"","ast-hfb-below-header-display":"","ast-hfb-mobile-header-display":"","site-post-title":"disabled","ast-breadcrumbs-content":"","ast-featured-img":"disabled","footer-sml-layout":"","ast-disable-related-posts":"","theme-transparent-header-meta":"default","adv-header-id-meta":"","stick-header-meta":"","header-above-stick-meta":"","header-main-stick-meta":"","header-below-stick-meta":"","astra-migrate-meta-layouts":"default","ast-page-background-enabled":"default","ast-page-background-meta":{"desktop":{"background-color":"","background-image":"","background-repeat":"repeat","background-position":"center center","background-size":"auto","background-attachment":"scroll","background-type":"","background-media":"","overlay-type":"","overlay-color":"","overlay-opacity":"","overlay-gradient":""},"tablet":{"background-color":"","background-image":"","background-repeat":"repeat","background-position":"center center","background-size":"auto","background-attachment":"scroll","background-type":"","background-media":"","overlay-type":"","overlay-color":"","overlay-opacity":"","overlay-gradient":""},"mobile":{"background-color":"","background-image":"","background-repeat":"repeat","background-position":"center center","background-size":"auto","background-attachment":"scroll","background-type":"","background-media":"","overlay-type":"","overlay-color":"","overlay-opacity":"","overlay-gradient":""}},"ast-content-background-meta":{"desktop":{"background-color":"var(--ast-global-color-5)","background-image":"","background-repeat":"repeat","background-position":"center center","background-size":"auto","background-attachment":"scroll","background-type":"","background-media":"","overlay-type":"","overlay-color":"","overlay-opacity":"","overlay-gradient":""},"tablet":{"background-color":"var(--ast-global-color-5)","background-image":"","background-repeat":"repeat","background-position":"center center","background-size":"auto","background-attachment":"scroll","background-type":"","background-media":"","overlay-type":"","overlay-color":"","overlay-opacity":"","overlay-gradient":""},"mobile":{"background-color":"var(--ast-global-color-5)","background-image":"","background-repeat":"repeat","background-position":"center center","background-size":"auto","background-attachment":"scroll","background-type":"","background-media":"","overlay-type":"","overlay-color":"","overlay-opacity":"","overlay-gradient":""}}},"product_brand":[],"product_cat":[37,43,32],"product_tag":[],"class_list":{"0":"post-638","1":"product","2":"type-product","3":"status-publish","4":"has-post-thumbnail","6":"product_cat-available-year-round","7":"product_cat-mainland-us","8":"product_cat-widely-available","9":"desktop-align-left","10":"tablet-align-left","11":"mobile-align-left","13":"first","14":"instock","15":"shipping-taxable","16":"product-type-simple"},"yoast_head":"<!-- This site is optimized with the Yoast SEO plugin v27.4 - https:\/\/yoast.com\/product\/yoast-seo-wordpress\/ -->\n<title>Hanalei Island IPA - Kona Brewing Co. Switzerland<\/title>\n<meta name=\"robots\" content=\"index, follow, max-snippet:-1, max-image-preview:large, max-video-preview:-1\" \/>\n<link rel=\"canonical\" href=\"https:\/\/www.konabrewingco.ch\/de\/produkt\/hanalei-island-ipa\/\" \/>\n<meta property=\"og:locale\" content=\"de_DE\" \/>\n<meta property=\"og:type\" content=\"article\" \/>\n<meta property=\"og:title\" content=\"Hanalei Island IPA - Kona Brewing Co. Switzerland\" \/>\n<meta property=\"og:description\" content=\"Hanalei Island IPA is an easy-drinking, sessionable beer that combines the hoppy aroma of an IPA with a tropical Hawaiian twist. Passionfruit, orange and guava balance the hops to deliver a coppery, session-style ale that reflects the flavors and spirit of the islands.\" \/>\n<meta property=\"og:url\" content=\"https:\/\/www.konabrewingco.ch\/de\/produkt\/hanalei-island-ipa\/\" \/>\n<meta property=\"og:site_name\" content=\"Kona Brewing Co. Switzerland\" \/>\n<meta property=\"article:modified_time\" content=\"2025-06-05T09:23:43+00:00\" \/>\n<meta property=\"og:image\" content=\"https:\/\/www.konabrewingco.ch\/wp-content\/uploads\/2020\/07\/konabrewingco_products_hanalei_island_ipa.png\" \/>\n\t<meta property=\"og:image:width\" content=\"850\" \/>\n\t<meta property=\"og:image:height\" content=\"850\" \/>\n\t<meta property=\"og:image:type\" content=\"image\/png\" \/>\n<meta name=\"twitter:card\" content=\"summary_large_image\" \/>\n<meta name=\"twitter:label1\" content=\"Gesch\u00e4tzte Lesezeit\" \/>\n\t<meta name=\"twitter:data1\" content=\"1\u00a0Minute\" \/>\n<script type=\"application\/ld+json\" class=\"yoast-schema-graph\">{\"@context\":\"https:\\\/\\\/schema.org\",\"@graph\":[{\"@type\":\"WebPage\",\"@id\":\"https:\\\/\\\/www.konabrewingco.ch\\\/product\\\/hanalei-island-ipa\\\/\",\"url\":\"https:\\\/\\\/www.konabrewingco.ch\\\/product\\\/hanalei-island-ipa\\\/\",\"name\":\"Hanalei Island IPA - Kona Brewing Co. Switzerland\",\"isPartOf\":{\"@id\":\"https:\\\/\\\/www.konabrewingco.ch\\\/#website\"},\"primaryImageOfPage\":{\"@id\":\"https:\\\/\\\/www.konabrewingco.ch\\\/product\\\/hanalei-island-ipa\\\/#primaryimage\"},\"image\":{\"@id\":\"https:\\\/\\\/www.konabrewingco.ch\\\/product\\\/hanalei-island-ipa\\\/#primaryimage\"},\"thumbnailUrl\":\"https:\\\/\\\/www.konabrewingco.ch\\\/wp-content\\\/uploads\\\/2020\\\/07\\\/konabrewingco_products_hanalei_island_ipa.png\",\"datePublished\":\"2020-07-14T08:50:03+00:00\",\"dateModified\":\"2025-06-05T09:23:43+00:00\",\"breadcrumb\":{\"@id\":\"https:\\\/\\\/www.konabrewingco.ch\\\/product\\\/hanalei-island-ipa\\\/#breadcrumb\"},\"inLanguage\":\"de-CH\",\"potentialAction\":[{\"@type\":\"ReadAction\",\"target\":[\"https:\\\/\\\/www.konabrewingco.ch\\\/product\\\/hanalei-island-ipa\\\/\"]}]},{\"@type\":\"ImageObject\",\"inLanguage\":\"de-CH\",\"@id\":\"https:\\\/\\\/www.konabrewingco.ch\\\/product\\\/hanalei-island-ipa\\\/#primaryimage\",\"url\":\"https:\\\/\\\/www.konabrewingco.ch\\\/wp-content\\\/uploads\\\/2020\\\/07\\\/konabrewingco_products_hanalei_island_ipa.png\",\"contentUrl\":\"https:\\\/\\\/www.konabrewingco.ch\\\/wp-content\\\/uploads\\\/2020\\\/07\\\/konabrewingco_products_hanalei_island_ipa.png\",\"width\":850,\"height\":850},{\"@type\":\"BreadcrumbList\",\"@id\":\"https:\\\/\\\/www.konabrewingco.ch\\\/product\\\/hanalei-island-ipa\\\/#breadcrumb\",\"itemListElement\":[{\"@type\":\"ListItem\",\"position\":1,\"name\":\"Home\",\"item\":\"https:\\\/\\\/www.konabrewingco.ch\\\/\"},{\"@type\":\"ListItem\",\"position\":2,\"name\":\"Our beers\",\"item\":\"https:\\\/\\\/www.konabrewingco.ch\\\/our-beers\\\/\"},{\"@type\":\"ListItem\",\"position\":3,\"name\":\"Hanalei Island IPA\"}]},{\"@type\":\"WebSite\",\"@id\":\"https:\\\/\\\/www.konabrewingco.ch\\\/#website\",\"url\":\"https:\\\/\\\/www.konabrewingco.ch\\\/\",\"name\":\"Kona Brewing Co. Switzerland\",\"description\":\"Liquid Aloha\",\"publisher\":{\"@id\":\"https:\\\/\\\/www.konabrewingco.ch\\\/#organization\"},\"potentialAction\":[{\"@type\":\"SearchAction\",\"target\":{\"@type\":\"EntryPoint\",\"urlTemplate\":\"https:\\\/\\\/www.konabrewingco.ch\\\/?s={search_term_string}\"},\"query-input\":{\"@type\":\"PropertyValueSpecification\",\"valueRequired\":true,\"valueName\":\"search_term_string\"}}],\"inLanguage\":\"de-CH\"},{\"@type\":\"Organization\",\"@id\":\"https:\\\/\\\/www.konabrewingco.ch\\\/#organization\",\"name\":\"Kona Brewing Co. Switzerland\",\"url\":\"https:\\\/\\\/www.konabrewingco.ch\\\/\",\"logo\":{\"@type\":\"ImageObject\",\"inLanguage\":\"de-CH\",\"@id\":\"https:\\\/\\\/www.konabrewingco.ch\\\/#\\\/schema\\\/logo\\\/image\\\/\",\"url\":\"https:\\\/\\\/www.konabrewingco.ch\\\/wp-content\\\/uploads\\\/2020\\\/06\\\/kona_logo.svg\",\"contentUrl\":\"https:\\\/\\\/www.konabrewingco.ch\\\/wp-content\\\/uploads\\\/2020\\\/06\\\/kona_logo.svg\",\"width\":1,\"height\":1,\"caption\":\"Kona Brewing Co. Switzerland\"},\"image\":{\"@id\":\"https:\\\/\\\/www.konabrewingco.ch\\\/#\\\/schema\\\/logo\\\/image\\\/\"}}]}<\/script>\n<!-- \/ Yoast SEO plugin. -->","yoast_head_json":{"title":"Hanalei Island IPA - Kona Brewing Co. Schweiz","robots":{"index":"index","follow":"follow","max-snippet":"max-snippet:-1","max-image-preview":"max-image-preview:large","max-video-preview":"max-video-preview:-1"},"canonical":"https:\/\/www.konabrewingco.ch\/de\/produkt\/hanalei-island-ipa\/","og_locale":"de_DE","og_type":"article","og_title":"Hanalei Island IPA - Kona Brewing Co. Switzerland","og_description":"Hanalei Island IPA is an easy-drinking, sessionable beer that combines the hoppy aroma of an IPA with a tropical Hawaiian twist. Passionfruit, orange and guava balance the hops to deliver a coppery, session-style ale that reflects the flavors and spirit of the islands.","og_url":"https:\/\/www.konabrewingco.ch\/de\/produkt\/hanalei-island-ipa\/","og_site_name":"Kona Brewing Co. Switzerland","article_modified_time":"2025-06-05T09:23:43+00:00","og_image":[{"width":850,"height":850,"url":"https:\/\/www.konabrewingco.ch\/wp-content\/uploads\/2020\/07\/konabrewingco_products_hanalei_island_ipa.png","type":"image\/png"}],"twitter_card":"summary_large_image","twitter_misc":{"Gesch\u00e4tzte Lesezeit":"1\u00a0Minute"},"schema":{"@context":"https:\/\/schema.org","@graph":[{"@type":"WebPage","@id":"https:\/\/www.konabrewingco.ch\/product\/hanalei-island-ipa\/","url":"https:\/\/www.konabrewingco.ch\/product\/hanalei-island-ipa\/","name":"Hanalei Island IPA - Kona Brewing Co. Schweiz","isPartOf":{"@id":"https:\/\/www.konabrewingco.ch\/#website"},"primaryImageOfPage":{"@id":"https:\/\/www.konabrewingco.ch\/product\/hanalei-island-ipa\/#primaryimage"},"image":{"@id":"https:\/\/www.konabrewingco.ch\/product\/hanalei-island-ipa\/#primaryimage"},"thumbnailUrl":"https:\/\/www.konabrewingco.ch\/wp-content\/uploads\/2020\/07\/konabrewingco_products_hanalei_island_ipa.png","datePublished":"2020-07-14T08:50:03+00:00","dateModified":"2025-06-05T09:23:43+00:00","breadcrumb":{"@id":"https:\/\/www.konabrewingco.ch\/product\/hanalei-island-ipa\/#breadcrumb"},"inLanguage":"de-CH","potentialAction":[{"@type":"ReadAction","target":["https:\/\/www.konabrewingco.ch\/product\/hanalei-island-ipa\/"]}]},{"@type":"ImageObject","inLanguage":"de-CH","@id":"https:\/\/www.konabrewingco.ch\/product\/hanalei-island-ipa\/#primaryimage","url":"https:\/\/www.konabrewingco.ch\/wp-content\/uploads\/2020\/07\/konabrewingco_products_hanalei_island_ipa.png","contentUrl":"https:\/\/www.konabrewingco.ch\/wp-content\/uploads\/2020\/07\/konabrewingco_products_hanalei_island_ipa.png","width":850,"height":850},{"@type":"BreadcrumbList","@id":"https:\/\/www.konabrewingco.ch\/product\/hanalei-island-ipa\/#breadcrumb","itemListElement":[{"@type":"ListItem","position":1,"name":"Home","item":"https:\/\/www.konabrewingco.ch\/"},{"@type":"ListItem","position":2,"name":"Our beers","item":"https:\/\/www.konabrewingco.ch\/our-beers\/"},{"@type":"ListItem","position":3,"name":"Hanalei Island IPA"}]},{"@type":"WebSite","@id":"https:\/\/www.konabrewingco.ch\/#website","url":"https:\/\/www.konabrewingco.ch\/","name":"Kona Brewing Co. Schweiz","description":"Fl\u00fcssiges Aloha","publisher":{"@id":"https:\/\/www.konabrewingco.ch\/#organization"},"potentialAction":[{"@type":"SearchAction","target":{"@type":"EntryPoint","urlTemplate":"https:\/\/www.konabrewingco.ch\/?s={search_term_string}"},"query-input":{"@type":"PropertyValueSpecification","valueRequired":true,"valueName":"search_term_string"}}],"inLanguage":"de-CH"},{"@type":"Organization","@id":"https:\/\/www.konabrewingco.ch\/#organization","name":"Kona Brewing Co. Schweiz","url":"https:\/\/www.konabrewingco.ch\/","logo":{"@type":"ImageObject","inLanguage":"de-CH","@id":"https:\/\/www.konabrewingco.ch\/#\/schema\/logo\/image\/","url":"https:\/\/www.konabrewingco.ch\/wp-content\/uploads\/2020\/06\/kona_logo.svg","contentUrl":"https:\/\/www.konabrewingco.ch\/wp-content\/uploads\/2020\/06\/kona_logo.svg","width":1,"height":1,"caption":"Kona Brewing Co. Switzerland"},"image":{"@id":"https:\/\/www.konabrewingco.ch\/#\/schema\/logo\/image\/"}}]}},"_links":{"self":[{"href":"https:\/\/www.konabrewingco.ch\/de\/wp-json\/wp\/v2\/product\/638","targetHints":{"allow":["GET"]}}],"collection":[{"href":"https:\/\/www.konabrewingco.ch\/de\/wp-json\/wp\/v2\/product"}],"about":[{"href":"https:\/\/www.konabrewingco.ch\/de\/wp-json\/wp\/v2\/types\/product"}],"version-history":[{"count":0,"href":"https:\/\/www.konabrewingco.ch\/de\/wp-json\/wp\/v2\/product\/638\/revisions"}],"wp:featuredmedia":[{"embeddable":true,"href":"https:\/\/www.konabrewingco.ch\/de\/wp-json\/wp\/v2\/media\/656"}],"wp:attachment":[{"href":"https:\/\/www.konabrewingco.ch\/de\/wp-json\/wp\/v2\/media?parent=638"}],"wp:term":[{"taxonomy":"product_brand","embeddable":true,"href":"https:\/\/www.konabrewingco.ch\/de\/wp-json\/wp\/v2\/product_brand?post=638"},{"taxonomy":"product_cat","embeddable":true,"href":"https:\/\/www.konabrewingco.ch\/de\/wp-json\/wp\/v2\/product_cat?post=638"},{"taxonomy":"product_tag","embeddable":true,"href":"https:\/\/www.konabrewingco.ch\/de\/wp-json\/wp\/v2\/product_tag?post=638"}],"curies":[{"name":"wp","href":"https:\/\/api.w.org\/{rel}","templated":true}]}}