{"id":647,"date":"2020-07-14T10:55:48","date_gmt":"2020-07-14T09:55:48","guid":{"rendered":"http:\/\/www.konabrewingco.ch\/?post_type=product&#038;p=647"},"modified":"2023-05-25T21:18:01","modified_gmt":"2023-05-25T20:18:01","slug":"hibiscus-brut-ipa","status":"publish","type":"product","link":"https:\/\/www.konabrewingco.ch\/de\/product\/hibiscus-brut-ipa\/","title":{"rendered":"Hibiscus Brut IPA"},"content":{"rendered":"<div data-elementor-type=\"product-post\" data-elementor-id=\"647\" class=\"elementor elementor-647\" data-elementor-post-type=\"product\">\n\t\t\t\t\t\t<section class=\"elementor-section elementor-top-section elementor-element elementor-element-eeb6e07 elementor-section-boxed elementor-section-height-default elementor-section-height-default\" data-id=\"eeb6e07\" data-element_type=\"section\" data-e-type=\"section\">\n\t\t\t\t\t\t<div class=\"elementor-container elementor-column-gap-no\">\n\t\t\t\t\t<div class=\"elementor-column elementor-col-100 elementor-top-column elementor-element elementor-element-c5e9045\" data-id=\"c5e9045\" data-element_type=\"column\" data-e-type=\"column\">\n\t\t\t<div class=\"elementor-widget-wrap elementor-element-populated\">\n\t\t\t\t\t\t<div class=\"elementor-element elementor-element-fdb943a elementor-widget elementor-widget-heading\" data-id=\"fdb943a\" data-element_type=\"widget\" data-e-type=\"widget\" data-widget_type=\"heading.default\">\n\t\t\t\t<div class=\"elementor-widget-container\">\n\t\t\t\t\t<h3 class=\"elementor-heading-title elementor-size-default\">Kontaktiere uns<\/h3>\t\t\t\t<\/div>\n\t\t\t\t<\/div>\n\t\t\t\t<div class=\"elementor-element elementor-element-a31dc13 elementor-widget__width-auto elementor-widget elementor-widget-button\" data-id=\"a31dc13\" data-element_type=\"widget\" data-e-type=\"widget\" data-widget_type=\"button.default\">\n\t\t\t\t<div class=\"elementor-widget-container\">\n\t\t\t\t\t\t\t\t\t<div class=\"elementor-button-wrapper\">\n\t\t\t\t\t<a class=\"elementor-button elementor-button-link elementor-size-sm\" href=\"http:\/\/www.konabrewingco.ch\/de\/kontakt\/\">\n\t\t\t\t\t\t<span class=\"elementor-button-content-wrapper\">\n\t\t\t\t\t\t\t\t\t<span class=\"elementor-button-text\">Kontakt<\/span>\n\t\t\t\t\t<\/span>\n\t\t\t\t\t<\/a>\n\t\t\t\t<\/div>\n\t\t\t\t\t\t\t\t<\/div>\n\t\t\t\t<\/div>\n\t\t\t\t\t<\/div>\n\t\t<\/div>\n\t\t\t\t\t<\/div>\n\t\t<\/section>\n\t\t\t\t<section class=\"elementor-section elementor-top-section elementor-element elementor-element-30197ed elementor-section-boxed elementor-section-height-default elementor-section-height-default\" data-id=\"30197ed\" data-element_type=\"section\" data-e-type=\"section\">\n\t\t\t\t\t\t<div class=\"elementor-container elementor-column-gap-wide\">\n\t\t\t\t\t<div class=\"elementor-column elementor-col-100 elementor-top-column elementor-element elementor-element-05f5fc2\" data-id=\"05f5fc2\" data-element_type=\"column\" data-e-type=\"column\">\n\t\t\t<div class=\"elementor-widget-wrap elementor-element-populated\">\n\t\t\t\t\t\t<div class=\"elementor-element elementor-element-986627c elementor-widget elementor-widget-heading\" data-id=\"986627c\" data-element_type=\"widget\" data-e-type=\"widget\" data-widget_type=\"heading.default\">\n\t\t\t\t<div class=\"elementor-widget-container\">\n\t\t\t\t\t<h3 class=\"elementor-heading-title elementor-size-default\">Erl\u00e4uterungen des Brauers<\/h3>\t\t\t\t<\/div>\n\t\t\t\t<\/div>\n\t\t\t\t<section class=\"elementor-section elementor-inner-section elementor-element elementor-element-f16580d elementor-section-boxed elementor-section-height-default elementor-section-height-default\" data-id=\"f16580d\" data-element_type=\"section\" data-e-type=\"section\">\n\t\t\t\t\t\t<div class=\"elementor-container elementor-column-gap-no\">\n\t\t\t\t\t<div class=\"elementor-column elementor-col-50 elementor-inner-column elementor-element elementor-element-afa5458\" data-id=\"afa5458\" data-element_type=\"column\" data-e-type=\"column\">\n\t\t\t<div class=\"elementor-widget-wrap elementor-element-populated\">\n\t\t\t\t\t\t<div class=\"elementor-element elementor-element-87b649b elementor-widget elementor-widget-text-editor\" data-id=\"87b649b\" data-element_type=\"widget\" data-e-type=\"widget\" data-widget_type=\"text-editor.default\">\n\t\t\t\t<div class=\"elementor-widget-container\">\n\t\t\t\t\t\t\t\t\t<p><strong>BITTERKEIT<\/strong><br \/>40 IBU<br \/><br \/><strong>ALKOHOL IN VOLUMENPROZENT<\/strong><br \/>8.2%<br \/><br \/><strong>MALZ<\/strong><br \/>2-reihig dunkel, M\u00fcnchen<br \/><br \/><strong>HOPFEN<\/strong><br \/>Nelson Sauvin Hallertau Blanc<br \/><br \/><strong>BESONDERE ZUTATEN<\/strong><br \/>Echter tropischer Hibiskus<\/p>\t\t\t\t\t\t\t\t<\/div>\n\t\t\t\t<\/div>\n\t\t\t\t\t<\/div>\n\t\t<\/div>\n\t\t\t\t<div class=\"elementor-column elementor-col-50 elementor-inner-column elementor-element elementor-element-8781215\" data-id=\"8781215\" data-element_type=\"column\" data-e-type=\"column\">\n\t\t\t<div class=\"elementor-widget-wrap elementor-element-populated\">\n\t\t\t\t\t\t<div class=\"elementor-element elementor-element-f8fee3f elementor-widget elementor-widget-text-editor\" data-id=\"f8fee3f\" data-element_type=\"widget\" data-e-type=\"widget\" data-widget_type=\"text-editor.default\">\n\t\t\t\t<div class=\"elementor-widget-container\">\n\t\t\t\t\t\t\t\t\t<p><strong>ZU WELCHEM ESSEN PASST MEIN BIER<\/strong><br \/>Hibiscus Brut IPA ist perfekt f\u00fcr gro\u00dfe und kleine Feiern. Genie\u00dfen Sie es mit einem gut gew\u00fcrzten Filet oder einer Garnelen-Piccata.<\/p>\t\t\t\t\t\t\t\t<\/div>\n\t\t\t\t<\/div>\n\t\t\t\t\t<\/div>\n\t\t<\/div>\n\t\t\t\t\t<\/div>\n\t\t<\/section>\n\t\t\t\t\t<\/div>\n\t\t<\/div>\n\t\t\t\t\t<\/div>\n\t\t<\/section>\n\t\t\t\t<\/div>","protected":false},"excerpt":{"rendered":"<p>Hibiscus Brut IPA ist ein prickelndes, helles Bier mit tropischen Aromen und Farben von echtem Hibiscus. Finde Dein Aloha-Spirit mit dieser limited edition.<\/p>","protected":false},"featured_media":1153,"template":"","meta":{"site-sidebar-layout":"no-sidebar","site-content-layout":"page-builder","ast-site-content-layout":"default","site-content-style":"default","site-sidebar-style":"default","ast-global-header-display":"","ast-banner-title-visibility":"","ast-main-header-display":"","ast-hfb-above-header-display":"","ast-hfb-below-header-display":"","ast-hfb-mobile-header-display":"","site-post-title":"disabled","ast-breadcrumbs-content":"","ast-featured-img":"disabled","footer-sml-layout":"","ast-disable-related-posts":"","theme-transparent-header-meta":"default","adv-header-id-meta":"","stick-header-meta":"","header-above-stick-meta":"","header-main-stick-meta":"","header-below-stick-meta":"","astra-migrate-meta-layouts":"default","ast-page-background-enabled":"default","ast-page-background-meta":{"desktop":{"background-color":"","background-image":"","background-repeat":"repeat","background-position":"center center","background-size":"auto","background-attachment":"scroll","background-type":"","background-media":"","overlay-type":"","overlay-color":"","overlay-opacity":"","overlay-gradient":""},"tablet":{"background-color":"","background-image":"","background-repeat":"repeat","background-position":"center center","background-size":"auto","background-attachment":"scroll","background-type":"","background-media":"","overlay-type":"","overlay-color":"","overlay-opacity":"","overlay-gradient":""},"mobile":{"background-color":"","background-image":"","background-repeat":"repeat","background-position":"center center","background-size":"auto","background-attachment":"scroll","background-type":"","background-media":"","overlay-type":"","overlay-color":"","overlay-opacity":"","overlay-gradient":""}},"ast-content-background-meta":{"desktop":{"background-color":"var(--ast-global-color-5)","background-image":"","background-repeat":"repeat","background-position":"center center","background-size":"auto","background-attachment":"scroll","background-type":"","background-media":"","overlay-type":"","overlay-color":"","overlay-opacity":"","overlay-gradient":""},"tablet":{"background-color":"var(--ast-global-color-5)","background-image":"","background-repeat":"repeat","background-position":"center center","background-size":"auto","background-attachment":"scroll","background-type":"","background-media":"","overlay-type":"","overlay-color":"","overlay-opacity":"","overlay-gradient":""},"mobile":{"background-color":"var(--ast-global-color-5)","background-image":"","background-repeat":"repeat","background-position":"center center","background-size":"auto","background-attachment":"scroll","background-type":"","background-media":"","overlay-type":"","overlay-color":"","overlay-opacity":"","overlay-gradient":""}}},"product_brand":[],"product_cat":[35,43,38],"product_tag":[],"class_list":{"0":"post-647","1":"product","2":"type-product","3":"status-publish","4":"has-post-thumbnail","6":"product_cat-aloha-series","7":"product_cat-mainland-us","8":"product_cat-october-december-2020","9":"desktop-align-left","10":"tablet-align-left","11":"mobile-align-left","13":"first","14":"instock","15":"shipping-taxable","16":"product-type-simple"},"yoast_head":"<!-- This site is optimized with the Yoast SEO plugin v27.4 - https:\/\/yoast.com\/product\/yoast-seo-wordpress\/ -->\n<title>Hibiscus Brut IPA - Kona Brewing Co. Switzerland<\/title>\n<meta name=\"robots\" content=\"index, follow, max-snippet:-1, max-image-preview:large, max-video-preview:-1\" \/>\n<link rel=\"canonical\" href=\"https:\/\/www.konabrewingco.ch\/de\/produkt\/hibiscus-brut-ipa\/\" \/>\n<meta property=\"og:locale\" content=\"de_DE\" \/>\n<meta property=\"og:type\" content=\"article\" \/>\n<meta property=\"og:title\" content=\"Hibiscus Brut IPA - Kona Brewing Co. Switzerland\" \/>\n<meta property=\"og:description\" content=\"Hibiscus Brut IPA is a bubbly and bright beer, with tropical flavors and colors of real Hibiscus. Find your Aloha with this limited edition release.\" \/>\n<meta property=\"og:url\" content=\"https:\/\/www.konabrewingco.ch\/de\/produkt\/hibiscus-brut-ipa\/\" \/>\n<meta property=\"og:site_name\" content=\"Kona Brewing Co. Switzerland\" \/>\n<meta property=\"article:modified_time\" content=\"2023-05-25T20:18:01+00:00\" \/>\n<meta property=\"og:image\" content=\"https:\/\/www.konabrewingco.ch\/wp-content\/uploads\/2020\/07\/konabrewingco_products_hibiscus_brut_ipa-1.png\" \/>\n\t<meta property=\"og:image:width\" content=\"850\" \/>\n\t<meta property=\"og:image:height\" content=\"850\" \/>\n\t<meta property=\"og:image:type\" content=\"image\/png\" \/>\n<meta name=\"twitter:card\" content=\"summary_large_image\" \/>\n<script type=\"application\/ld+json\" class=\"yoast-schema-graph\">{\"@context\":\"https:\\\/\\\/schema.org\",\"@graph\":[{\"@type\":\"WebPage\",\"@id\":\"https:\\\/\\\/www.konabrewingco.ch\\\/product\\\/hibiscus-brut-ipa\\\/\",\"url\":\"https:\\\/\\\/www.konabrewingco.ch\\\/product\\\/hibiscus-brut-ipa\\\/\",\"name\":\"Hibiscus Brut IPA - Kona Brewing Co. Switzerland\",\"isPartOf\":{\"@id\":\"https:\\\/\\\/www.konabrewingco.ch\\\/#website\"},\"primaryImageOfPage\":{\"@id\":\"https:\\\/\\\/www.konabrewingco.ch\\\/product\\\/hibiscus-brut-ipa\\\/#primaryimage\"},\"image\":{\"@id\":\"https:\\\/\\\/www.konabrewingco.ch\\\/product\\\/hibiscus-brut-ipa\\\/#primaryimage\"},\"thumbnailUrl\":\"https:\\\/\\\/www.konabrewingco.ch\\\/wp-content\\\/uploads\\\/2020\\\/07\\\/konabrewingco_products_hibiscus_brut_ipa-1.png\",\"datePublished\":\"2020-07-14T09:55:48+00:00\",\"dateModified\":\"2023-05-25T20:18:01+00:00\",\"breadcrumb\":{\"@id\":\"https:\\\/\\\/www.konabrewingco.ch\\\/product\\\/hibiscus-brut-ipa\\\/#breadcrumb\"},\"inLanguage\":\"de-CH\",\"potentialAction\":[{\"@type\":\"ReadAction\",\"target\":[\"https:\\\/\\\/www.konabrewingco.ch\\\/product\\\/hibiscus-brut-ipa\\\/\"]}]},{\"@type\":\"ImageObject\",\"inLanguage\":\"de-CH\",\"@id\":\"https:\\\/\\\/www.konabrewingco.ch\\\/product\\\/hibiscus-brut-ipa\\\/#primaryimage\",\"url\":\"https:\\\/\\\/www.konabrewingco.ch\\\/wp-content\\\/uploads\\\/2020\\\/07\\\/konabrewingco_products_hibiscus_brut_ipa-1.png\",\"contentUrl\":\"https:\\\/\\\/www.konabrewingco.ch\\\/wp-content\\\/uploads\\\/2020\\\/07\\\/konabrewingco_products_hibiscus_brut_ipa-1.png\",\"width\":850,\"height\":850},{\"@type\":\"BreadcrumbList\",\"@id\":\"https:\\\/\\\/www.konabrewingco.ch\\\/product\\\/hibiscus-brut-ipa\\\/#breadcrumb\",\"itemListElement\":[{\"@type\":\"ListItem\",\"position\":1,\"name\":\"Home\",\"item\":\"https:\\\/\\\/www.konabrewingco.ch\\\/\"},{\"@type\":\"ListItem\",\"position\":2,\"name\":\"Our beers\",\"item\":\"https:\\\/\\\/www.konabrewingco.ch\\\/our-beers\\\/\"},{\"@type\":\"ListItem\",\"position\":3,\"name\":\"Hibiscus Brut IPA\"}]},{\"@type\":\"WebSite\",\"@id\":\"https:\\\/\\\/www.konabrewingco.ch\\\/#website\",\"url\":\"https:\\\/\\\/www.konabrewingco.ch\\\/\",\"name\":\"Kona Brewing Co. Switzerland\",\"description\":\"Liquid Aloha\",\"publisher\":{\"@id\":\"https:\\\/\\\/www.konabrewingco.ch\\\/#organization\"},\"potentialAction\":[{\"@type\":\"SearchAction\",\"target\":{\"@type\":\"EntryPoint\",\"urlTemplate\":\"https:\\\/\\\/www.konabrewingco.ch\\\/?s={search_term_string}\"},\"query-input\":{\"@type\":\"PropertyValueSpecification\",\"valueRequired\":true,\"valueName\":\"search_term_string\"}}],\"inLanguage\":\"de-CH\"},{\"@type\":\"Organization\",\"@id\":\"https:\\\/\\\/www.konabrewingco.ch\\\/#organization\",\"name\":\"Kona Brewing Co. Switzerland\",\"url\":\"https:\\\/\\\/www.konabrewingco.ch\\\/\",\"logo\":{\"@type\":\"ImageObject\",\"inLanguage\":\"de-CH\",\"@id\":\"https:\\\/\\\/www.konabrewingco.ch\\\/#\\\/schema\\\/logo\\\/image\\\/\",\"url\":\"https:\\\/\\\/www.konabrewingco.ch\\\/wp-content\\\/uploads\\\/2020\\\/06\\\/kona_logo.svg\",\"contentUrl\":\"https:\\\/\\\/www.konabrewingco.ch\\\/wp-content\\\/uploads\\\/2020\\\/06\\\/kona_logo.svg\",\"width\":1,\"height\":1,\"caption\":\"Kona Brewing Co. Switzerland\"},\"image\":{\"@id\":\"https:\\\/\\\/www.konabrewingco.ch\\\/#\\\/schema\\\/logo\\\/image\\\/\"}}]}<\/script>\n<!-- \/ Yoast SEO plugin. -->","yoast_head_json":{"title":"Hibiscus Brut IPA - Kona Brewing Co. Schweiz","robots":{"index":"index","follow":"follow","max-snippet":"max-snippet:-1","max-image-preview":"max-image-preview:large","max-video-preview":"max-video-preview:-1"},"canonical":"https:\/\/www.konabrewingco.ch\/de\/produkt\/hibiscus-brut-ipa\/","og_locale":"de_DE","og_type":"article","og_title":"Hibiscus Brut IPA - Kona Brewing Co. Switzerland","og_description":"Hibiscus Brut IPA is a bubbly and bright beer, with tropical flavors and colors of real Hibiscus. Find your Aloha with this limited edition release.","og_url":"https:\/\/www.konabrewingco.ch\/de\/produkt\/hibiscus-brut-ipa\/","og_site_name":"Kona Brewing Co. Switzerland","article_modified_time":"2023-05-25T20:18:01+00:00","og_image":[{"width":850,"height":850,"url":"https:\/\/www.konabrewingco.ch\/wp-content\/uploads\/2020\/07\/konabrewingco_products_hibiscus_brut_ipa-1.png","type":"image\/png"}],"twitter_card":"summary_large_image","schema":{"@context":"https:\/\/schema.org","@graph":[{"@type":"WebPage","@id":"https:\/\/www.konabrewingco.ch\/product\/hibiscus-brut-ipa\/","url":"https:\/\/www.konabrewingco.ch\/product\/hibiscus-brut-ipa\/","name":"Hibiscus Brut IPA - Kona Brewing Co. Schweiz","isPartOf":{"@id":"https:\/\/www.konabrewingco.ch\/#website"},"primaryImageOfPage":{"@id":"https:\/\/www.konabrewingco.ch\/product\/hibiscus-brut-ipa\/#primaryimage"},"image":{"@id":"https:\/\/www.konabrewingco.ch\/product\/hibiscus-brut-ipa\/#primaryimage"},"thumbnailUrl":"https:\/\/www.konabrewingco.ch\/wp-content\/uploads\/2020\/07\/konabrewingco_products_hibiscus_brut_ipa-1.png","datePublished":"2020-07-14T09:55:48+00:00","dateModified":"2023-05-25T20:18:01+00:00","breadcrumb":{"@id":"https:\/\/www.konabrewingco.ch\/product\/hibiscus-brut-ipa\/#breadcrumb"},"inLanguage":"de-CH","potentialAction":[{"@type":"ReadAction","target":["https:\/\/www.konabrewingco.ch\/product\/hibiscus-brut-ipa\/"]}]},{"@type":"ImageObject","inLanguage":"de-CH","@id":"https:\/\/www.konabrewingco.ch\/product\/hibiscus-brut-ipa\/#primaryimage","url":"https:\/\/www.konabrewingco.ch\/wp-content\/uploads\/2020\/07\/konabrewingco_products_hibiscus_brut_ipa-1.png","contentUrl":"https:\/\/www.konabrewingco.ch\/wp-content\/uploads\/2020\/07\/konabrewingco_products_hibiscus_brut_ipa-1.png","width":850,"height":850},{"@type":"BreadcrumbList","@id":"https:\/\/www.konabrewingco.ch\/product\/hibiscus-brut-ipa\/#breadcrumb","itemListElement":[{"@type":"ListItem","position":1,"name":"Home","item":"https:\/\/www.konabrewingco.ch\/"},{"@type":"ListItem","position":2,"name":"Our beers","item":"https:\/\/www.konabrewingco.ch\/our-beers\/"},{"@type":"ListItem","position":3,"name":"Hibiscus Brut IPA"}]},{"@type":"WebSite","@id":"https:\/\/www.konabrewingco.ch\/#website","url":"https:\/\/www.konabrewingco.ch\/","name":"Kona Brewing Co. Schweiz","description":"Fl\u00fcssiges Aloha","publisher":{"@id":"https:\/\/www.konabrewingco.ch\/#organization"},"potentialAction":[{"@type":"SearchAction","target":{"@type":"EntryPoint","urlTemplate":"https:\/\/www.konabrewingco.ch\/?s={search_term_string}"},"query-input":{"@type":"PropertyValueSpecification","valueRequired":true,"valueName":"search_term_string"}}],"inLanguage":"de-CH"},{"@type":"Organization","@id":"https:\/\/www.konabrewingco.ch\/#organization","name":"Kona Brewing Co. Schweiz","url":"https:\/\/www.konabrewingco.ch\/","logo":{"@type":"ImageObject","inLanguage":"de-CH","@id":"https:\/\/www.konabrewingco.ch\/#\/schema\/logo\/image\/","url":"https:\/\/www.konabrewingco.ch\/wp-content\/uploads\/2020\/06\/kona_logo.svg","contentUrl":"https:\/\/www.konabrewingco.ch\/wp-content\/uploads\/2020\/06\/kona_logo.svg","width":1,"height":1,"caption":"Kona Brewing Co. Switzerland"},"image":{"@id":"https:\/\/www.konabrewingco.ch\/#\/schema\/logo\/image\/"}}]}},"_links":{"self":[{"href":"https:\/\/www.konabrewingco.ch\/de\/wp-json\/wp\/v2\/product\/647","targetHints":{"allow":["GET"]}}],"collection":[{"href":"https:\/\/www.konabrewingco.ch\/de\/wp-json\/wp\/v2\/product"}],"about":[{"href":"https:\/\/www.konabrewingco.ch\/de\/wp-json\/wp\/v2\/types\/product"}],"version-history":[{"count":0,"href":"https:\/\/www.konabrewingco.ch\/de\/wp-json\/wp\/v2\/product\/647\/revisions"}],"wp:featuredmedia":[{"embeddable":true,"href":"https:\/\/www.konabrewingco.ch\/de\/wp-json\/wp\/v2\/media\/1153"}],"wp:attachment":[{"href":"https:\/\/www.konabrewingco.ch\/de\/wp-json\/wp\/v2\/media?parent=647"}],"wp:term":[{"taxonomy":"product_brand","embeddable":true,"href":"https:\/\/www.konabrewingco.ch\/de\/wp-json\/wp\/v2\/product_brand?post=647"},{"taxonomy":"product_cat","embeddable":true,"href":"https:\/\/www.konabrewingco.ch\/de\/wp-json\/wp\/v2\/product_cat?post=647"},{"taxonomy":"product_tag","embeddable":true,"href":"https:\/\/www.konabrewingco.ch\/de\/wp-json\/wp\/v2\/product_tag?post=647"}],"curies":[{"name":"wp","href":"https:\/\/api.w.org\/{rel}","templated":true}]}}